{"id":2469,"date":"2022-06-14T14:56:33","date_gmt":"2022-06-14T14:56:33","guid":{"rendered":"https:\/\/vitalij.michno.lt\/services\/wordpress-services\/maintenance-support-of-the-wordpress-site\/"},"modified":"2022-09-30T07:12:26","modified_gmt":"2022-09-30T07:12:26","slug":"maintenance-support-of-the-wordpress-site","status":"publish","type":"page","link":"https:\/\/vitalij.michno.lt\/en\/services\/wordpress-services\/maintenance-support-of-the-wordpress-site\/","title":{"rendered":"Maintenance \/ support of the WordPress site"},"content":{"rendered":"\t\t<div data-elementor-type=\"wp-page\" data-elementor-id=\"2469\" class=\"elementor elementor-2469 elementor-1045\" data-elementor-post-type=\"page\">\n\t\t\t\t\t\t<section class=\"elementor-section elementor-top-section elementor-element elementor-element-70aac46e elementor-reverse-mobile elementor-section-boxed elementor-section-height-default elementor-section-height-default\" data-id=\"70aac46e\" data-element_type=\"section\" data-settings=\"{&quot;background_background&quot;:&quot;classic&quot;,&quot;jet_parallax_layout_list&quot;:[]}\">\n\t\t\t\t\t\t<div class=\"elementor-container elementor-column-gap-default\">\n\t\t\t\t\t<div class=\"elementor-column elementor-col-50 elementor-top-column elementor-element elementor-element-7d41ba9d\" data-id=\"7d41ba9d\" data-element_type=\"column\">\n\t\t\t<div class=\"elementor-widget-wrap elementor-element-populated\">\n\t\t\t\t\t\t<div class=\"elementor-element elementor-element-5b740ef8 elementor-widget elementor-widget-heading\" data-id=\"5b740ef8\" data-element_type=\"widget\" data-widget_type=\"heading.default\">\n\t\t\t\t<div class=\"elementor-widget-container\">\n\t\t\t\t\t<h4 class=\"elementor-heading-title elementor-size-default\">Service<\/h4>\t\t\t\t<\/div>\n\t\t\t\t<\/div>\n\t\t\t\t<div class=\"elementor-element elementor-element-6bc0a8ab elementor-widget elementor-widget-heading\" data-id=\"6bc0a8ab\" data-element_type=\"widget\" data-widget_type=\"heading.default\">\n\t\t\t\t<div class=\"elementor-widget-container\">\n\t\t\t\t\t<h2 class=\"elementor-heading-title elementor-size-default\">Maintenance \/ support of the WordPress site<\/h2>\t\t\t\t<\/div>\n\t\t\t\t<\/div>\n\t\t\t\t<div class=\"elementor-element elementor-element-160c7922 elementor-widget elementor-widget-text-editor\" data-id=\"160c7922\" data-element_type=\"widget\" data-widget_type=\"text-editor.default\">\n\t\t\t\t<div class=\"elementor-widget-container\">\n\t\t\t\t\t\t\t\t\t<p>WordPress needs to be constantly updated, otherwise the site can be hacked (due to holes in the code discovered by hackers) or completely lost due to incomprehensible failures. Websites may malfunction or not work at all for a long time. A broken site is a loss and a direct way to worsen search results with all the ensuing consequences.<\/p>\r\n<p>WordPress Website Maintenance: technical support services:<\/p>\r\n<ul>\r\n<li>Full-time monitoring of site availability<\/li>\r\n<li>Troubleshooting<\/li>\r\n<li>Updating templates, plugins<\/li>\r\n<li>Backups<\/li>\r\n<\/ul>\r\n<p>WordPress site maintenance: additional services:<\/p>\r\n<ul>\r\n<li>Modernization of the site, change of design and functionality<\/li>\r\n<li>Informational support, content update<\/li>\r\n<li>Website hosting<\/li>\r\n<li>Consultations on work with WordPress CMS<\/li>\r\n<\/ul>\t\t\t\t\t\t\t\t<\/div>\n\t\t\t\t<\/div>\n\t\t\t\t<div class=\"elementor-element elementor-element-6d6374c0 elementor-align-left elementor-tablet-align-left elementor-widget elementor-widget-button\" data-id=\"6d6374c0\" data-element_type=\"widget\" data-widget_type=\"button.default\">\n\t\t\t\t<div class=\"elementor-widget-container\">\n\t\t\t\t\t\t\t\t\t<div class=\"elementor-button-wrapper\">\n\t\t\t\t\t<a class=\"elementor-button elementor-button-link elementor-size-sm\" href=\"#contact-us-small-form-1\">\n\t\t\t\t\t\t<span class=\"elementor-button-content-wrapper\">\n\t\t\t\t\t\t\t\t\t<span class=\"elementor-button-text\">Order<\/span>\n\t\t\t\t\t<\/span>\n\t\t\t\t\t<\/a>\n\t\t\t\t<\/div>\n\t\t\t\t\t\t\t\t<\/div>\n\t\t\t\t<\/div>\n\t\t\t\t\t<\/div>\n\t\t<\/div>\n\t\t\t\t<div class=\"elementor-column elementor-col-50 elementor-top-column elementor-element elementor-element-41321063\" data-id=\"41321063\" data-element_type=\"column\">\n\t\t\t<div class=\"elementor-widget-wrap elementor-element-populated\">\n\t\t\t\t\t\t<div class=\"elementor-element elementor-element-4b855716 elementor-align-center elementor-widget elementor-widget-lottie\" data-id=\"4b855716\" data-element_type=\"widget\" data-settings=\"{&quot;source_json&quot;:{&quot;url&quot;:&quot;https:\\\/\\\/vitalij.michno.lt\\\/wp-content\\\/uploads\\\/2022\\\/06\\\/55851-wordpress-support.json&quot;,&quot;id&quot;:1161,&quot;size&quot;:&quot;&quot;,&quot;alt&quot;:&quot;&quot;,&quot;source&quot;:&quot;library&quot;},&quot;loop&quot;:&quot;yes&quot;,&quot;lazyload&quot;:&quot;yes&quot;,&quot;source&quot;:&quot;media_file&quot;,&quot;caption_source&quot;:&quot;none&quot;,&quot;link_to&quot;:&quot;none&quot;,&quot;trigger&quot;:&quot;arriving_to_viewport&quot;,&quot;viewport&quot;:{&quot;unit&quot;:&quot;%&quot;,&quot;size&quot;:&quot;&quot;,&quot;sizes&quot;:{&quot;start&quot;:0,&quot;end&quot;:100}},&quot;play_speed&quot;:{&quot;unit&quot;:&quot;px&quot;,&quot;size&quot;:1,&quot;sizes&quot;:[]},&quot;start_point&quot;:{&quot;unit&quot;:&quot;%&quot;,&quot;size&quot;:0,&quot;sizes&quot;:[]},&quot;end_point&quot;:{&quot;unit&quot;:&quot;%&quot;,&quot;size&quot;:100,&quot;sizes&quot;:[]},&quot;renderer&quot;:&quot;svg&quot;}\" data-widget_type=\"lottie.default\">\n\t\t\t\t<div class=\"elementor-widget-container\">\n\t\t\t\t\t<div class=\"e-lottie__container\"><div class=\"e-lottie__animation\"><\/div><\/div>\t\t\t\t<\/div>\n\t\t\t\t<\/div>\n\t\t\t\t\t<\/div>\n\t\t<\/div>\n\t\t\t\t\t<\/div>\n\t\t<\/section>\n\t\t\t\t<\/div>\n\t\t","protected":false},"excerpt":{"rendered":"<p>Service WordPress needs to be constantly updated, otherwise the site can be hacked (due to holes in the code discovered by hackers) or completely lost due to incomprehensible failures. Websites may malfunction or not work at all for a long time. A broken site is a loss and a direct way to worsen search results [&hellip;]<\/p>\n","protected":false},"author":1,"featured_media":0,"parent":2461,"menu_order":0,"comment_status":"closed","ping_status":"closed","template":"","meta":{"site-sidebar-layout":"no-sidebar","site-content-layout":"page-builder","ast-site-content-layout":"","site-content-style":"default","site-sidebar-style":"default","ast-global-header-display":"","ast-banner-title-visibility":"","ast-main-header-display":"","ast-hfb-above-header-display":"","ast-hfb-below-header-display":"","ast-hfb-mobile-header-display":"","site-post-title":"disabled","ast-breadcrumbs-content":"","ast-featured-img":"disabled","footer-sml-layout":"","theme-transparent-header-meta":"","adv-header-id-meta":"","stick-header-meta":"","header-above-stick-meta":"","header-main-stick-meta":"","header-below-stick-meta":"","astra-migrate-meta-layouts":"default","ast-page-background-enabled":"default","ast-page-background-meta":{"desktop":{"background-color":"","background-image":"","background-repeat":"repeat","background-position":"center center","background-size":"auto","background-attachment":"scroll","background-type":"","background-media":"","overlay-type":"","overlay-color":"","overlay-gradient":""},"tablet":{"background-color":"","background-image":"","background-repeat":"repeat","background-position":"center center","background-size":"auto","background-attachment":"scroll","background-type":"","background-media":"","overlay-type":"","overlay-color":"","overlay-gradient":""},"mobile":{"background-color":"","background-image":"","background-repeat":"repeat","background-position":"center center","background-size":"auto","background-attachment":"scroll","background-type":"","background-media":"","overlay-type":"","overlay-color":"","overlay-gradient":""}},"ast-content-background-meta":{"desktop":{"background-color":"var(--ast-global-color-5)","background-image":"","background-repeat":"repeat","background-position":"center center","background-size":"auto","background-attachment":"scroll","background-type":"","background-media":"","overlay-type":"","overlay-color":"","overlay-gradient":""},"tablet":{"background-color":"var(--ast-global-color-5)","background-image":"","background-repeat":"repeat","background-position":"center center","background-size":"auto","background-attachment":"scroll","background-type":"","background-media":"","overlay-type":"","overlay-color":"","overlay-gradient":""},"mobile":{"background-color":"var(--ast-global-color-5)","background-image":"","background-repeat":"repeat","background-position":"center center","background-size":"auto","background-attachment":"scroll","background-type":"","background-media":"","overlay-type":"","overlay-color":"","overlay-gradient":""}},"footnotes":""},"class_list":["post-2469","page","type-page","status-publish","hentry"],"yoast_head":"<!-- This site is optimized with the Yoast SEO plugin v24.2 - https:\/\/yoast.com\/wordpress\/plugins\/seo\/ -->\n<title>Maintenance \/ support of the WordPress site &#8212; Wordpress internetini\u0173 svetaini\u0173 k\u016brimas - Vitalij Michno<\/title>\n<meta name=\"robots\" content=\"index, follow, max-snippet:-1, max-image-preview:large, max-video-preview:-1\" \/>\n<link rel=\"canonical\" href=\"https:\/\/vitalij.michno.lt\/paslaugos\/wordpress-paslaugos\/wordpress-svetainiu-prieziura-palaikymas\/\" \/>\n<meta property=\"og:locale\" content=\"en_US\" \/>\n<meta property=\"og:type\" content=\"article\" \/>\n<meta property=\"og:title\" content=\"Maintenance \/ support of the WordPress site &#8212; Wordpress internetini\u0173 svetaini\u0173 k\u016brimas - Vitalij Michno\" \/>\n<meta property=\"og:description\" content=\"Service WordPress needs to be constantly updated, otherwise the site can be hacked (due to holes in the code discovered by hackers) or completely lost due to incomprehensible failures. Websites may malfunction or not work at all for a long time. A broken site is a loss and a direct way to worsen search results [&hellip;]\" \/>\n<meta property=\"og:url\" content=\"https:\/\/vitalij.michno.lt\/paslaugos\/wordpress-paslaugos\/wordpress-svetainiu-prieziura-palaikymas\/\" \/>\n<meta property=\"og:site_name\" content=\"Wordpress internetini\u0173 svetaini\u0173 k\u016brimas - Vitalij Michno\" \/>\n<meta property=\"article:modified_time\" content=\"2022-09-30T07:12:26+00:00\" \/>\n<meta property=\"og:image\" content=\"https:\/\/vitalij.michno.lt\/wp-content\/uploads\/2022\/06\/VM.png\" \/>\n\t<meta property=\"og:image:width\" content=\"500\" \/>\n\t<meta property=\"og:image:height\" content=\"500\" \/>\n\t<meta property=\"og:image:type\" content=\"image\/png\" \/>\n<meta name=\"twitter:card\" content=\"summary_large_image\" \/>\n<script type=\"application\/ld+json\" class=\"yoast-schema-graph\">{\"@context\":\"https:\/\/schema.org\",\"@graph\":[{\"@type\":\"Article\",\"@id\":\"https:\/\/vitalij.michno.lt\/paslaugos\/wordpress-paslaugos\/wordpress-svetainiu-prieziura-palaikymas\/#article\",\"isPartOf\":{\"@id\":\"https:\/\/vitalij.michno.lt\/paslaugos\/wordpress-paslaugos\/wordpress-svetainiu-prieziura-palaikymas\/\"},\"author\":{\"name\":\"Vitalij Michno\",\"@id\":\"https:\/\/vitalij.michno.lt\/#\/schema\/person\/becd8c2db64cf3982d3ed011552c4daf\"},\"headline\":\"Maintenance \/ support of the WordPress site\",\"datePublished\":\"2022-06-14T14:56:33+00:00\",\"dateModified\":\"2022-09-30T07:12:26+00:00\",\"mainEntityOfPage\":{\"@id\":\"https:\/\/vitalij.michno.lt\/paslaugos\/wordpress-paslaugos\/wordpress-svetainiu-prieziura-palaikymas\/\"},\"wordCount\":109,\"publisher\":{\"@id\":\"https:\/\/vitalij.michno.lt\/#\/schema\/person\/becd8c2db64cf3982d3ed011552c4daf\"},\"inLanguage\":\"en-US\"},{\"@type\":\"WebPage\",\"@id\":\"https:\/\/vitalij.michno.lt\/paslaugos\/wordpress-paslaugos\/wordpress-svetainiu-prieziura-palaikymas\/\",\"url\":\"https:\/\/vitalij.michno.lt\/paslaugos\/wordpress-paslaugos\/wordpress-svetainiu-prieziura-palaikymas\/\",\"name\":\"Maintenance \/ support of the WordPress site &#8212; Wordpress internetini\u0173 svetaini\u0173 k\u016brimas - Vitalij Michno\",\"isPartOf\":{\"@id\":\"https:\/\/vitalij.michno.lt\/#website\"},\"datePublished\":\"2022-06-14T14:56:33+00:00\",\"dateModified\":\"2022-09-30T07:12:26+00:00\",\"breadcrumb\":{\"@id\":\"https:\/\/vitalij.michno.lt\/paslaugos\/wordpress-paslaugos\/wordpress-svetainiu-prieziura-palaikymas\/#breadcrumb\"},\"inLanguage\":\"en-US\",\"potentialAction\":[{\"@type\":\"ReadAction\",\"target\":[\"https:\/\/vitalij.michno.lt\/paslaugos\/wordpress-paslaugos\/wordpress-svetainiu-prieziura-palaikymas\/\"]}]},{\"@type\":\"BreadcrumbList\",\"@id\":\"https:\/\/vitalij.michno.lt\/paslaugos\/wordpress-paslaugos\/wordpress-svetainiu-prieziura-palaikymas\/#breadcrumb\",\"itemListElement\":[{\"@type\":\"ListItem\",\"position\":1,\"name\":\"Pagr.\",\"item\":\"https:\/\/vitalij.michno.lt\/en\/homepage-en\/\"},{\"@type\":\"ListItem\",\"position\":2,\"name\":\"Services\",\"item\":\"https:\/\/vitalij.michno.lt\/paslaugos\/\"},{\"@type\":\"ListItem\",\"position\":3,\"name\":\"WordPress services\",\"item\":\"https:\/\/vitalij.michno.lt\/paslaugos\/wordpress-paslaugos\/\"},{\"@type\":\"ListItem\",\"position\":4,\"name\":\"Maintenance \/ support of the WordPress site\"}]},{\"@type\":\"WebSite\",\"@id\":\"https:\/\/vitalij.michno.lt\/#website\",\"url\":\"https:\/\/vitalij.michno.lt\/\",\"name\":\"Wordpress internetini\u0173 svetaini\u0173 k\u016brimas - Vitalij Michno\",\"description\":\"\",\"publisher\":{\"@id\":\"https:\/\/vitalij.michno.lt\/#\/schema\/person\/becd8c2db64cf3982d3ed011552c4daf\"},\"potentialAction\":[{\"@type\":\"SearchAction\",\"target\":{\"@type\":\"EntryPoint\",\"urlTemplate\":\"https:\/\/vitalij.michno.lt\/?s={search_term_string}\"},\"query-input\":{\"@type\":\"PropertyValueSpecification\",\"valueRequired\":true,\"valueName\":\"search_term_string\"}}],\"inLanguage\":\"en-US\"},{\"@type\":[\"Person\",\"Organization\"],\"@id\":\"https:\/\/vitalij.michno.lt\/#\/schema\/person\/becd8c2db64cf3982d3ed011552c4daf\",\"name\":\"Vitalij Michno\",\"image\":{\"@type\":\"ImageObject\",\"inLanguage\":\"en-US\",\"@id\":\"https:\/\/vitalij.michno.lt\/#\/schema\/person\/image\/\",\"url\":\"https:\/\/vitalij.michno.lt\/wp-content\/uploads\/2022\/06\/me.jpg\",\"contentUrl\":\"https:\/\/vitalij.michno.lt\/wp-content\/uploads\/2022\/06\/me.jpg\",\"width\":640,\"height\":800,\"caption\":\"Vitalij Michno\"},\"logo\":{\"@id\":\"https:\/\/vitalij.michno.lt\/#\/schema\/person\/image\/\"},\"sameAs\":[\"https:\/\/vitalij.michno.lt\"],\"url\":\"https:\/\/vitalij.michno.lt\/en\/author\/adminus123\/\"}]}<\/script>\n<!-- \/ Yoast SEO plugin. -->","yoast_head_json":{"title":"Maintenance \/ support of the WordPress site &#8212; Wordpress internetini\u0173 svetaini\u0173 k\u016brimas - Vitalij Michno","robots":{"index":"index","follow":"follow","max-snippet":"max-snippet:-1","max-image-preview":"max-image-preview:large","max-video-preview":"max-video-preview:-1"},"canonical":"https:\/\/vitalij.michno.lt\/paslaugos\/wordpress-paslaugos\/wordpress-svetainiu-prieziura-palaikymas\/","og_locale":"en_US","og_type":"article","og_title":"Maintenance \/ support of the WordPress site &#8212; Wordpress internetini\u0173 svetaini\u0173 k\u016brimas - Vitalij Michno","og_description":"Service WordPress needs to be constantly updated, otherwise the site can be hacked (due to holes in the code discovered by hackers) or completely lost due to incomprehensible failures. Websites may malfunction or not work at all for a long time. A broken site is a loss and a direct way to worsen search results [&hellip;]","og_url":"https:\/\/vitalij.michno.lt\/paslaugos\/wordpress-paslaugos\/wordpress-svetainiu-prieziura-palaikymas\/","og_site_name":"Wordpress internetini\u0173 svetaini\u0173 k\u016brimas - Vitalij Michno","article_modified_time":"2022-09-30T07:12:26+00:00","og_image":[{"width":500,"height":500,"url":"https:\/\/vitalij.michno.lt\/wp-content\/uploads\/2022\/06\/VM.png","type":"image\/png"}],"twitter_card":"summary_large_image","schema":{"@context":"https:\/\/schema.org","@graph":[{"@type":"Article","@id":"https:\/\/vitalij.michno.lt\/paslaugos\/wordpress-paslaugos\/wordpress-svetainiu-prieziura-palaikymas\/#article","isPartOf":{"@id":"https:\/\/vitalij.michno.lt\/paslaugos\/wordpress-paslaugos\/wordpress-svetainiu-prieziura-palaikymas\/"},"author":{"name":"Vitalij Michno","@id":"https:\/\/vitalij.michno.lt\/#\/schema\/person\/becd8c2db64cf3982d3ed011552c4daf"},"headline":"Maintenance \/ support of the WordPress site","datePublished":"2022-06-14T14:56:33+00:00","dateModified":"2022-09-30T07:12:26+00:00","mainEntityOfPage":{"@id":"https:\/\/vitalij.michno.lt\/paslaugos\/wordpress-paslaugos\/wordpress-svetainiu-prieziura-palaikymas\/"},"wordCount":109,"publisher":{"@id":"https:\/\/vitalij.michno.lt\/#\/schema\/person\/becd8c2db64cf3982d3ed011552c4daf"},"inLanguage":"en-US"},{"@type":"WebPage","@id":"https:\/\/vitalij.michno.lt\/paslaugos\/wordpress-paslaugos\/wordpress-svetainiu-prieziura-palaikymas\/","url":"https:\/\/vitalij.michno.lt\/paslaugos\/wordpress-paslaugos\/wordpress-svetainiu-prieziura-palaikymas\/","name":"Maintenance \/ support of the WordPress site &#8212; Wordpress internetini\u0173 svetaini\u0173 k\u016brimas - Vitalij Michno","isPartOf":{"@id":"https:\/\/vitalij.michno.lt\/#website"},"datePublished":"2022-06-14T14:56:33+00:00","dateModified":"2022-09-30T07:12:26+00:00","breadcrumb":{"@id":"https:\/\/vitalij.michno.lt\/paslaugos\/wordpress-paslaugos\/wordpress-svetainiu-prieziura-palaikymas\/#breadcrumb"},"inLanguage":"en-US","potentialAction":[{"@type":"ReadAction","target":["https:\/\/vitalij.michno.lt\/paslaugos\/wordpress-paslaugos\/wordpress-svetainiu-prieziura-palaikymas\/"]}]},{"@type":"BreadcrumbList","@id":"https:\/\/vitalij.michno.lt\/paslaugos\/wordpress-paslaugos\/wordpress-svetainiu-prieziura-palaikymas\/#breadcrumb","itemListElement":[{"@type":"ListItem","position":1,"name":"Pagr.","item":"https:\/\/vitalij.michno.lt\/en\/homepage-en\/"},{"@type":"ListItem","position":2,"name":"Services","item":"https:\/\/vitalij.michno.lt\/paslaugos\/"},{"@type":"ListItem","position":3,"name":"WordPress services","item":"https:\/\/vitalij.michno.lt\/paslaugos\/wordpress-paslaugos\/"},{"@type":"ListItem","position":4,"name":"Maintenance \/ support of the WordPress site"}]},{"@type":"WebSite","@id":"https:\/\/vitalij.michno.lt\/#website","url":"https:\/\/vitalij.michno.lt\/","name":"Wordpress internetini\u0173 svetaini\u0173 k\u016brimas - Vitalij Michno","description":"","publisher":{"@id":"https:\/\/vitalij.michno.lt\/#\/schema\/person\/becd8c2db64cf3982d3ed011552c4daf"},"potentialAction":[{"@type":"SearchAction","target":{"@type":"EntryPoint","urlTemplate":"https:\/\/vitalij.michno.lt\/?s={search_term_string}"},"query-input":{"@type":"PropertyValueSpecification","valueRequired":true,"valueName":"search_term_string"}}],"inLanguage":"en-US"},{"@type":["Person","Organization"],"@id":"https:\/\/vitalij.michno.lt\/#\/schema\/person\/becd8c2db64cf3982d3ed011552c4daf","name":"Vitalij Michno","image":{"@type":"ImageObject","inLanguage":"en-US","@id":"https:\/\/vitalij.michno.lt\/#\/schema\/person\/image\/","url":"https:\/\/vitalij.michno.lt\/wp-content\/uploads\/2022\/06\/me.jpg","contentUrl":"https:\/\/vitalij.michno.lt\/wp-content\/uploads\/2022\/06\/me.jpg","width":640,"height":800,"caption":"Vitalij Michno"},"logo":{"@id":"https:\/\/vitalij.michno.lt\/#\/schema\/person\/image\/"},"sameAs":["https:\/\/vitalij.michno.lt"],"url":"https:\/\/vitalij.michno.lt\/en\/author\/adminus123\/"}]}},"_links":{"self":[{"href":"https:\/\/vitalij.michno.lt\/en\/wp-json\/wp\/v2\/pages\/2469","targetHints":{"allow":["GET"]}}],"collection":[{"href":"https:\/\/vitalij.michno.lt\/en\/wp-json\/wp\/v2\/pages"}],"about":[{"href":"https:\/\/vitalij.michno.lt\/en\/wp-json\/wp\/v2\/types\/page"}],"author":[{"embeddable":true,"href":"https:\/\/vitalij.michno.lt\/en\/wp-json\/wp\/v2\/users\/1"}],"replies":[{"embeddable":true,"href":"https:\/\/vitalij.michno.lt\/en\/wp-json\/wp\/v2\/comments?post=2469"}],"version-history":[{"count":0,"href":"https:\/\/vitalij.michno.lt\/en\/wp-json\/wp\/v2\/pages\/2469\/revisions"}],"up":[{"embeddable":true,"href":"https:\/\/vitalij.michno.lt\/en\/wp-json\/wp\/v2\/pages\/2461"}],"wp:attachment":[{"href":"https:\/\/vitalij.michno.lt\/en\/wp-json\/wp\/v2\/media?parent=2469"}],"curies":[{"name":"wp","href":"https:\/\/api.w.org\/{rel}","templated":true}]}}