{"id":2693,"date":"2022-06-14T14:26:29","date_gmt":"2022-06-14T14:26:29","guid":{"rendered":"https:\/\/vitalij.michno.lt\/uslugi\/tworzenie-stron-internetowych\/"},"modified":"2022-10-03T14:00:32","modified_gmt":"2022-10-03T14:00:32","slug":"tworzenie-stron-internetowych","status":"publish","type":"page","link":"https:\/\/vitalij.michno.lt\/pl\/uslugi\/tworzenie-stron-internetowych\/","title":{"rendered":"Tworzenie stron internetowych"},"content":{"rendered":"\t\t<div data-elementor-type=\"wp-page\" data-elementor-id=\"2693\" class=\"elementor elementor-2693 elementor-1013\" data-elementor-post-type=\"page\">\n\t\t\t\t\t\t<section class=\"elementor-section elementor-top-section elementor-element elementor-element-841dced elementor-section-boxed elementor-section-height-default elementor-section-height-default\" data-id=\"841dced\" data-element_type=\"section\" data-settings=\"{&quot;jet_parallax_layout_list&quot;:[]}\">\n\t\t\t\t\t\t<div class=\"elementor-container elementor-column-gap-default\">\n\t\t\t\t\t<div class=\"elementor-column elementor-col-100 elementor-top-column elementor-element elementor-element-22ee2d1\" data-id=\"22ee2d1\" data-element_type=\"column\">\n\t\t\t<div class=\"elementor-widget-wrap\">\n\t\t\t\t\t\t\t<\/div>\n\t\t<\/div>\n\t\t\t\t\t<\/div>\n\t\t<\/section>\n\t\t\t\t<section class=\"elementor-section elementor-top-section elementor-element elementor-element-70644252 elementor-section-boxed elementor-section-height-default elementor-section-height-default\" data-id=\"70644252\" data-element_type=\"section\" data-settings=\"{&quot;jet_parallax_layout_list&quot;:[]}\">\n\t\t\t\t\t\t<div class=\"elementor-container elementor-column-gap-default\">\n\t\t\t\t\t<div class=\"elementor-column elementor-col-100 elementor-top-column elementor-element elementor-element-1224ed8d\" data-id=\"1224ed8d\" data-element_type=\"column\">\n\t\t\t<div class=\"elementor-widget-wrap elementor-element-populated\">\n\t\t\t\t\t\t<div class=\"elementor-element elementor-element-2f9d01f4 elementor-widget elementor-widget-heading\" data-id=\"2f9d01f4\" data-element_type=\"widget\" data-widget_type=\"heading.default\">\n\t\t\t\t<div class=\"elementor-widget-container\">\n\t\t\t\t\t<h1 class=\"elementor-heading-title elementor-size-default\">Tworzenie stron internetowych<\/h1>\t\t\t\t<\/div>\n\t\t\t\t<\/div>\n\t\t\t\t<div class=\"elementor-element elementor-element-59c449b3 elementor-widget elementor-widget-jet-posts\" data-id=\"59c449b3\" data-element_type=\"widget\" data-settings=\"{&quot;columns&quot;:&quot;2&quot;,&quot;columns_mobile&quot;:&quot;1&quot;,&quot;slides_to_scroll&quot;:&quot;1&quot;}\" data-widget_type=\"jet-posts.default\">\n\t\t\t\t<div class=\"elementor-widget-container\">\n\t\t\t\t\t<div class=\"elementor-jet-posts jet-elements\"><div class=\"jet-posts col-row  jet-equal-cols\"><div class=\"jet-posts__item\">\n\t<div class=\"jet-posts__inner-box\"><div class=\"jet-posts__inner-content\"><h4 class=\"entry-title\"><a href=\"https:\/\/vitalij.michno.lt\/pl\/uslugi\/tworzenie-stron-internetowych\/landinge-page-tworzenie\/\" target=\"\">Tworzenie strony docelowej<\/a><\/h4><div class=\"post-meta\"><\/div><\/div><\/div>\n<\/div>\n<div class=\"jet-posts__item\">\n\t<div class=\"jet-posts__inner-box\"><div class=\"jet-posts__inner-content\"><h4 class=\"entry-title\"><a href=\"https:\/\/vitalij.michno.lt\/pl\/uslugi\/tworzenie-stron-internetowych\/stworzenie-strony-internetowej-dla-firmy-dzialalnosci-indywidualnej-portfela-strony-wizytowkowej\/\" target=\"\">Stworzenie strony internetowej dla firmy \/ dzia\u0142alno\u015bci indywidualnej \/ portfela \/ strony wizyt\u00f3wkowej<\/a><\/h4><div class=\"post-meta\"><\/div><\/div><\/div>\n<\/div>\n<div class=\"jet-posts__item\">\n\t<div class=\"jet-posts__inner-box\"><div class=\"jet-posts__inner-content\"><h4 class=\"entry-title\"><a href=\"https:\/\/vitalij.michno.lt\/pl\/uslugi\/tworzenie-stron-internetowych\/stworzenie-spersonalizowanej-unikalnej-strony-internetowej\/\" target=\"\">Stworzenie spersonalizowanej \/ unikalnej strony internetowej<\/a><\/h4><div class=\"post-meta\"><\/div><\/div><\/div>\n<\/div>\n<div class=\"jet-posts__item\">\n\t<div class=\"jet-posts__inner-box\"><div class=\"jet-posts__inner-content\"><h4 class=\"entry-title\"><a href=\"https:\/\/vitalij.michno.lt\/pl\/uslugi\/tworzenie-stron-internetowych\/stworzenie-sklepu-internetowego\/\" target=\"\">Stworzenie sklepu internetowego<\/a><\/h4><div class=\"post-meta\"><\/div><\/div><\/div>\n<\/div>\n<\/div>\n<\/div>\t\t\t\t<\/div>\n\t\t\t\t<\/div>\n\t\t\t\t\t<\/div>\n\t\t<\/div>\n\t\t\t\t\t<\/div>\n\t\t<\/section>\n\t\t\t\t<\/div>\n\t\t","protected":false},"excerpt":{"rendered":"<p>Verslui \/ \u012fmonei \/ individualiai veiklai \/ portfolio \/ vizitin\u0117s svetain\u0117s suk\u016brimas Landing page k\u016brimas Individualios \/ unikalios svetain\u0117s k\u016brimas Elektronin\u0117s parduotuv\u0117s k\u016brimas<\/p>\n","protected":false},"author":1,"featured_media":0,"parent":2689,"menu_order":0,"comment_status":"closed","ping_status":"closed","template":"","meta":{"site-sidebar-layout":"no-sidebar","site-content-layout":"page-builder","ast-site-content-layout":"","site-content-style":"default","site-sidebar-style":"default","ast-global-header-display":"","ast-banner-title-visibility":"","ast-main-header-display":"","ast-hfb-above-header-display":"","ast-hfb-below-header-display":"","ast-hfb-mobile-header-display":"","site-post-title":"disabled","ast-breadcrumbs-content":"","ast-featured-img":"disabled","footer-sml-layout":"","theme-transparent-header-meta":"","adv-header-id-meta":"","stick-header-meta":"","header-above-stick-meta":"","header-main-stick-meta":"","header-below-stick-meta":"","astra-migrate-meta-layouts":"default","ast-page-background-enabled":"default","ast-page-background-meta":{"desktop":{"background-color":"","background-image":"","background-repeat":"repeat","background-position":"center center","background-size":"auto","background-attachment":"scroll","background-type":"","background-media":"","overlay-type":"","overlay-color":"","overlay-gradient":""},"tablet":{"background-color":"","background-image":"","background-repeat":"repeat","background-position":"center center","background-size":"auto","background-attachment":"scroll","background-type":"","background-media":"","overlay-type":"","overlay-color":"","overlay-gradient":""},"mobile":{"background-color":"","background-image":"","background-repeat":"repeat","background-position":"center center","background-size":"auto","background-attachment":"scroll","background-type":"","background-media":"","overlay-type":"","overlay-color":"","overlay-gradient":""}},"ast-content-background-meta":{"desktop":{"background-color":"var(--ast-global-color-5)","background-image":"","background-repeat":"repeat","background-position":"center center","background-size":"auto","background-attachment":"scroll","background-type":"","background-media":"","overlay-type":"","overlay-color":"","overlay-gradient":""},"tablet":{"background-color":"var(--ast-global-color-5)","background-image":"","background-repeat":"repeat","background-position":"center center","background-size":"auto","background-attachment":"scroll","background-type":"","background-media":"","overlay-type":"","overlay-color":"","overlay-gradient":""},"mobile":{"background-color":"var(--ast-global-color-5)","background-image":"","background-repeat":"repeat","background-position":"center center","background-size":"auto","background-attachment":"scroll","background-type":"","background-media":"","overlay-type":"","overlay-color":"","overlay-gradient":""}},"footnotes":""},"class_list":["post-2693","page","type-page","status-publish","hentry"],"yoast_head":"<!-- This site is optimized with the Yoast SEO plugin v24.2 - https:\/\/yoast.com\/wordpress\/plugins\/seo\/ -->\n<title>Tworzenie stron internetowych &#8212; Wordpress internetini\u0173 svetaini\u0173 k\u016brimas - Vitalij Michno<\/title>\n<meta name=\"robots\" content=\"index, follow, max-snippet:-1, max-image-preview:large, max-video-preview:-1\" \/>\n<link rel=\"canonical\" href=\"https:\/\/vitalij.michno.lt\/pl\/uslugi\/tworzenie-stron-internetowych\/\" \/>\n<meta property=\"og:locale\" content=\"pl_PL\" \/>\n<meta property=\"og:type\" content=\"article\" \/>\n<meta property=\"og:title\" content=\"Tworzenie stron internetowych &#8212; Wordpress internetini\u0173 svetaini\u0173 k\u016brimas - Vitalij Michno\" \/>\n<meta property=\"og:description\" content=\"Verslui \/ \u012fmonei \/ individualiai veiklai \/ portfolio \/ vizitin\u0117s svetain\u0117s suk\u016brimas Landing page k\u016brimas Individualios \/ unikalios svetain\u0117s k\u016brimas Elektronin\u0117s parduotuv\u0117s k\u016brimas\" \/>\n<meta property=\"og:url\" content=\"https:\/\/vitalij.michno.lt\/pl\/uslugi\/tworzenie-stron-internetowych\/\" \/>\n<meta property=\"og:site_name\" content=\"Wordpress internetini\u0173 svetaini\u0173 k\u016brimas - Vitalij Michno\" \/>\n<meta property=\"article:modified_time\" content=\"2022-10-03T14:00:32+00:00\" \/>\n<meta property=\"og:image\" content=\"https:\/\/vitalij.michno.lt\/wp-content\/uploads\/2022\/06\/VM.png\" \/>\n\t<meta property=\"og:image:width\" content=\"500\" \/>\n\t<meta property=\"og:image:height\" content=\"500\" \/>\n\t<meta property=\"og:image:type\" content=\"image\/png\" \/>\n<meta name=\"twitter:card\" content=\"summary_large_image\" \/>\n<script type=\"application\/ld+json\" class=\"yoast-schema-graph\">{\"@context\":\"https:\/\/schema.org\",\"@graph\":[{\"@type\":\"Article\",\"@id\":\"https:\/\/vitalij.michno.lt\/pl\/uslugi\/tworzenie-stron-internetowych\/#article\",\"isPartOf\":{\"@id\":\"https:\/\/vitalij.michno.lt\/pl\/uslugi\/tworzenie-stron-internetowych\/\"},\"author\":{\"name\":\"Vitalij Michno\",\"@id\":\"https:\/\/vitalij.michno.lt\/#\/schema\/person\/becd8c2db64cf3982d3ed011552c4daf\"},\"headline\":\"Tworzenie stron internetowych\",\"datePublished\":\"2022-06-14T14:26:29+00:00\",\"dateModified\":\"2022-10-03T14:00:32+00:00\",\"mainEntityOfPage\":{\"@id\":\"https:\/\/vitalij.michno.lt\/pl\/uslugi\/tworzenie-stron-internetowych\/\"},\"wordCount\":30,\"publisher\":{\"@id\":\"https:\/\/vitalij.michno.lt\/#\/schema\/person\/becd8c2db64cf3982d3ed011552c4daf\"},\"inLanguage\":\"pl-PL\"},{\"@type\":\"WebPage\",\"@id\":\"https:\/\/vitalij.michno.lt\/pl\/uslugi\/tworzenie-stron-internetowych\/\",\"url\":\"https:\/\/vitalij.michno.lt\/pl\/uslugi\/tworzenie-stron-internetowych\/\",\"name\":\"Tworzenie stron internetowych &#8212; Wordpress internetini\u0173 svetaini\u0173 k\u016brimas - Vitalij Michno\",\"isPartOf\":{\"@id\":\"https:\/\/vitalij.michno.lt\/#website\"},\"datePublished\":\"2022-06-14T14:26:29+00:00\",\"dateModified\":\"2022-10-03T14:00:32+00:00\",\"breadcrumb\":{\"@id\":\"https:\/\/vitalij.michno.lt\/pl\/uslugi\/tworzenie-stron-internetowych\/#breadcrumb\"},\"inLanguage\":\"pl-PL\",\"potentialAction\":[{\"@type\":\"ReadAction\",\"target\":[\"https:\/\/vitalij.michno.lt\/pl\/uslugi\/tworzenie-stron-internetowych\/\"]}]},{\"@type\":\"BreadcrumbList\",\"@id\":\"https:\/\/vitalij.michno.lt\/pl\/uslugi\/tworzenie-stron-internetowych\/#breadcrumb\",\"itemListElement\":[{\"@type\":\"ListItem\",\"position\":1,\"name\":\"Pagr.\",\"item\":\"https:\/\/vitalij.michno.lt\/pl\/homepage-pl\/\"},{\"@type\":\"ListItem\",\"position\":2,\"name\":\"Us\u0142ugi\",\"item\":\"https:\/\/vitalij.michno.lt\/pl\/uslugi\/\"},{\"@type\":\"ListItem\",\"position\":3,\"name\":\"Tworzenie stron internetowych\"}]},{\"@type\":\"WebSite\",\"@id\":\"https:\/\/vitalij.michno.lt\/#website\",\"url\":\"https:\/\/vitalij.michno.lt\/\",\"name\":\"Wordpress internetini\u0173 svetaini\u0173 k\u016brimas - Vitalij Michno\",\"description\":\"\",\"publisher\":{\"@id\":\"https:\/\/vitalij.michno.lt\/#\/schema\/person\/becd8c2db64cf3982d3ed011552c4daf\"},\"potentialAction\":[{\"@type\":\"SearchAction\",\"target\":{\"@type\":\"EntryPoint\",\"urlTemplate\":\"https:\/\/vitalij.michno.lt\/?s={search_term_string}\"},\"query-input\":{\"@type\":\"PropertyValueSpecification\",\"valueRequired\":true,\"valueName\":\"search_term_string\"}}],\"inLanguage\":\"pl-PL\"},{\"@type\":[\"Person\",\"Organization\"],\"@id\":\"https:\/\/vitalij.michno.lt\/#\/schema\/person\/becd8c2db64cf3982d3ed011552c4daf\",\"name\":\"Vitalij Michno\",\"image\":{\"@type\":\"ImageObject\",\"inLanguage\":\"pl-PL\",\"@id\":\"https:\/\/vitalij.michno.lt\/#\/schema\/person\/image\/\",\"url\":\"https:\/\/vitalij.michno.lt\/wp-content\/uploads\/2022\/06\/me.jpg\",\"contentUrl\":\"https:\/\/vitalij.michno.lt\/wp-content\/uploads\/2022\/06\/me.jpg\",\"width\":640,\"height\":800,\"caption\":\"Vitalij Michno\"},\"logo\":{\"@id\":\"https:\/\/vitalij.michno.lt\/#\/schema\/person\/image\/\"},\"sameAs\":[\"https:\/\/vitalij.michno.lt\"],\"url\":\"https:\/\/vitalij.michno.lt\/pl\/author\/adminus123\/\"}]}<\/script>\n<!-- \/ Yoast SEO plugin. -->","yoast_head_json":{"title":"Tworzenie stron internetowych &#8212; Wordpress internetini\u0173 svetaini\u0173 k\u016brimas - Vitalij Michno","robots":{"index":"index","follow":"follow","max-snippet":"max-snippet:-1","max-image-preview":"max-image-preview:large","max-video-preview":"max-video-preview:-1"},"canonical":"https:\/\/vitalij.michno.lt\/pl\/uslugi\/tworzenie-stron-internetowych\/","og_locale":"pl_PL","og_type":"article","og_title":"Tworzenie stron internetowych &#8212; Wordpress internetini\u0173 svetaini\u0173 k\u016brimas - Vitalij Michno","og_description":"Verslui \/ \u012fmonei \/ individualiai veiklai \/ portfolio \/ vizitin\u0117s svetain\u0117s suk\u016brimas Landing page k\u016brimas Individualios \/ unikalios svetain\u0117s k\u016brimas Elektronin\u0117s parduotuv\u0117s k\u016brimas","og_url":"https:\/\/vitalij.michno.lt\/pl\/uslugi\/tworzenie-stron-internetowych\/","og_site_name":"Wordpress internetini\u0173 svetaini\u0173 k\u016brimas - Vitalij Michno","article_modified_time":"2022-10-03T14:00:32+00:00","og_image":[{"width":500,"height":500,"url":"https:\/\/vitalij.michno.lt\/wp-content\/uploads\/2022\/06\/VM.png","type":"image\/png"}],"twitter_card":"summary_large_image","schema":{"@context":"https:\/\/schema.org","@graph":[{"@type":"Article","@id":"https:\/\/vitalij.michno.lt\/pl\/uslugi\/tworzenie-stron-internetowych\/#article","isPartOf":{"@id":"https:\/\/vitalij.michno.lt\/pl\/uslugi\/tworzenie-stron-internetowych\/"},"author":{"name":"Vitalij Michno","@id":"https:\/\/vitalij.michno.lt\/#\/schema\/person\/becd8c2db64cf3982d3ed011552c4daf"},"headline":"Tworzenie stron internetowych","datePublished":"2022-06-14T14:26:29+00:00","dateModified":"2022-10-03T14:00:32+00:00","mainEntityOfPage":{"@id":"https:\/\/vitalij.michno.lt\/pl\/uslugi\/tworzenie-stron-internetowych\/"},"wordCount":30,"publisher":{"@id":"https:\/\/vitalij.michno.lt\/#\/schema\/person\/becd8c2db64cf3982d3ed011552c4daf"},"inLanguage":"pl-PL"},{"@type":"WebPage","@id":"https:\/\/vitalij.michno.lt\/pl\/uslugi\/tworzenie-stron-internetowych\/","url":"https:\/\/vitalij.michno.lt\/pl\/uslugi\/tworzenie-stron-internetowych\/","name":"Tworzenie stron internetowych &#8212; Wordpress internetini\u0173 svetaini\u0173 k\u016brimas - Vitalij Michno","isPartOf":{"@id":"https:\/\/vitalij.michno.lt\/#website"},"datePublished":"2022-06-14T14:26:29+00:00","dateModified":"2022-10-03T14:00:32+00:00","breadcrumb":{"@id":"https:\/\/vitalij.michno.lt\/pl\/uslugi\/tworzenie-stron-internetowych\/#breadcrumb"},"inLanguage":"pl-PL","potentialAction":[{"@type":"ReadAction","target":["https:\/\/vitalij.michno.lt\/pl\/uslugi\/tworzenie-stron-internetowych\/"]}]},{"@type":"BreadcrumbList","@id":"https:\/\/vitalij.michno.lt\/pl\/uslugi\/tworzenie-stron-internetowych\/#breadcrumb","itemListElement":[{"@type":"ListItem","position":1,"name":"Pagr.","item":"https:\/\/vitalij.michno.lt\/pl\/homepage-pl\/"},{"@type":"ListItem","position":2,"name":"Us\u0142ugi","item":"https:\/\/vitalij.michno.lt\/pl\/uslugi\/"},{"@type":"ListItem","position":3,"name":"Tworzenie stron internetowych"}]},{"@type":"WebSite","@id":"https:\/\/vitalij.michno.lt\/#website","url":"https:\/\/vitalij.michno.lt\/","name":"Wordpress internetini\u0173 svetaini\u0173 k\u016brimas - Vitalij Michno","description":"","publisher":{"@id":"https:\/\/vitalij.michno.lt\/#\/schema\/person\/becd8c2db64cf3982d3ed011552c4daf"},"potentialAction":[{"@type":"SearchAction","target":{"@type":"EntryPoint","urlTemplate":"https:\/\/vitalij.michno.lt\/?s={search_term_string}"},"query-input":{"@type":"PropertyValueSpecification","valueRequired":true,"valueName":"search_term_string"}}],"inLanguage":"pl-PL"},{"@type":["Person","Organization"],"@id":"https:\/\/vitalij.michno.lt\/#\/schema\/person\/becd8c2db64cf3982d3ed011552c4daf","name":"Vitalij Michno","image":{"@type":"ImageObject","inLanguage":"pl-PL","@id":"https:\/\/vitalij.michno.lt\/#\/schema\/person\/image\/","url":"https:\/\/vitalij.michno.lt\/wp-content\/uploads\/2022\/06\/me.jpg","contentUrl":"https:\/\/vitalij.michno.lt\/wp-content\/uploads\/2022\/06\/me.jpg","width":640,"height":800,"caption":"Vitalij Michno"},"logo":{"@id":"https:\/\/vitalij.michno.lt\/#\/schema\/person\/image\/"},"sameAs":["https:\/\/vitalij.michno.lt"],"url":"https:\/\/vitalij.michno.lt\/pl\/author\/adminus123\/"}]}},"_links":{"self":[{"href":"https:\/\/vitalij.michno.lt\/pl\/wp-json\/wp\/v2\/pages\/2693","targetHints":{"allow":["GET"]}}],"collection":[{"href":"https:\/\/vitalij.michno.lt\/pl\/wp-json\/wp\/v2\/pages"}],"about":[{"href":"https:\/\/vitalij.michno.lt\/pl\/wp-json\/wp\/v2\/types\/page"}],"author":[{"embeddable":true,"href":"https:\/\/vitalij.michno.lt\/pl\/wp-json\/wp\/v2\/users\/1"}],"replies":[{"embeddable":true,"href":"https:\/\/vitalij.michno.lt\/pl\/wp-json\/wp\/v2\/comments?post=2693"}],"version-history":[{"count":1,"href":"https:\/\/vitalij.michno.lt\/pl\/wp-json\/wp\/v2\/pages\/2693\/revisions"}],"predecessor-version":[{"id":2694,"href":"https:\/\/vitalij.michno.lt\/pl\/wp-json\/wp\/v2\/pages\/2693\/revisions\/2694"}],"up":[{"embeddable":true,"href":"https:\/\/vitalij.michno.lt\/pl\/wp-json\/wp\/v2\/pages\/2689"}],"wp:attachment":[{"href":"https:\/\/vitalij.michno.lt\/pl\/wp-json\/wp\/v2\/media?parent=2693"}],"curies":[{"name":"wp","href":"https:\/\/api.w.org\/{rel}","templated":true}]}}