{"id":2697,"date":"2022-06-14T14:20:05","date_gmt":"2022-06-14T14:20:05","guid":{"rendered":"https:\/\/vitalij.michno.lt\/uslugi\/tworzenie-stron-internetowych\/stworzenie-spersonalizowanej-unikalnej-strony-internetowej\/"},"modified":"2022-10-03T14:03:30","modified_gmt":"2022-10-03T14:03:30","slug":"stworzenie-spersonalizowanej-unikalnej-strony-internetowej","status":"publish","type":"page","link":"https:\/\/vitalij.michno.lt\/pl\/uslugi\/tworzenie-stron-internetowych\/stworzenie-spersonalizowanej-unikalnej-strony-internetowej\/","title":{"rendered":"Stworzenie spersonalizowanej \/ unikalnej strony internetowej"},"content":{"rendered":"\t\t<div data-elementor-type=\"wp-page\" data-elementor-id=\"2697\" class=\"elementor elementor-2697 elementor-1000\" data-elementor-post-type=\"page\">\n\t\t\t\t\t\t<section class=\"elementor-section elementor-top-section elementor-element elementor-element-510c95d6 elementor-reverse-mobile elementor-section-boxed elementor-section-height-default elementor-section-height-default\" data-id=\"510c95d6\" data-element_type=\"section\" data-settings=\"{&quot;background_background&quot;:&quot;classic&quot;,&quot;jet_parallax_layout_list&quot;:[]}\">\n\t\t\t\t\t\t<div class=\"elementor-container elementor-column-gap-default\">\n\t\t\t\t\t<div class=\"elementor-column elementor-col-50 elementor-top-column elementor-element elementor-element-70af66e1\" data-id=\"70af66e1\" data-element_type=\"column\">\n\t\t\t<div class=\"elementor-widget-wrap elementor-element-populated\">\n\t\t\t\t\t\t<div class=\"elementor-element elementor-element-402e3d6d elementor-widget elementor-widget-heading\" data-id=\"402e3d6d\" data-element_type=\"widget\" data-widget_type=\"heading.default\">\n\t\t\t\t<div class=\"elementor-widget-container\">\n\t\t\t\t\t<h4 class=\"elementor-heading-title elementor-size-default\">Us\u0142uga<\/h4>\t\t\t\t<\/div>\n\t\t\t\t<\/div>\n\t\t\t\t<div class=\"elementor-element elementor-element-196537e3 elementor-widget elementor-widget-heading\" data-id=\"196537e3\" data-element_type=\"widget\" data-widget_type=\"heading.default\">\n\t\t\t\t<div class=\"elementor-widget-container\">\n\t\t\t\t\t<h2 class=\"elementor-heading-title elementor-size-default\">Stworzenie spersonalizowanej \/ unikalnej strony internetowej<\/h2>\t\t\t\t<\/div>\n\t\t\t\t<\/div>\n\t\t\t\t<div class=\"elementor-element elementor-element-16209f56 elementor-widget elementor-widget-text-editor\" data-id=\"16209f56\" data-element_type=\"widget\" data-widget_type=\"text-editor.default\">\n\t\t\t\t<div class=\"elementor-widget-container\">\n\t\t\t\t\t\t\t\t\t<p>Witryna nie pasuje do \u017cadnej z kategorii? Nie martwijcie si\u0119, po prostu wyszlicie mi sw\u00f3j pomys\u0142, a ja dam Wam zna\u0107, czy mog\u0119 zaj\u0105\u0107 si\u0119 waszym niestandartowym projektem. Rozumiem, \u017ce czasami potrzebujecie unikalnych rozwi\u0105za\u0144. <\/p>\n<ul>\n<li>Portal<\/li>\n<li>Nowiny<\/li>\n<li>Og\u0142oszenia<\/li>\n<li>Katalog<\/li>\n<li>Forum<\/li>\n<li><em><strong>Wasz pomys\u0142<\/strong><\/em><\/li>\n<\/ul>\t\t\t\t\t\t\t\t<\/div>\n\t\t\t\t<\/div>\n\t\t\t\t<div class=\"elementor-element elementor-element-27ebba89 elementor-align-left elementor-tablet-align-left elementor-widget elementor-widget-button\" data-id=\"27ebba89\" data-element_type=\"widget\" data-widget_type=\"button.default\">\n\t\t\t\t<div class=\"elementor-widget-container\">\n\t\t\t\t\t\t\t\t\t<div class=\"elementor-button-wrapper\">\n\t\t\t\t\t<a class=\"elementor-button elementor-button-link elementor-size-sm\" href=\"#contact-us-small-form-1\">\n\t\t\t\t\t\t<span class=\"elementor-button-content-wrapper\">\n\t\t\t\t\t\t\t\t\t<span class=\"elementor-button-text\">Zam\u00f3wi\u0107<\/span>\n\t\t\t\t\t<\/span>\n\t\t\t\t\t<\/a>\n\t\t\t\t<\/div>\n\t\t\t\t\t\t\t\t<\/div>\n\t\t\t\t<\/div>\n\t\t\t\t\t<\/div>\n\t\t<\/div>\n\t\t\t\t<div class=\"elementor-column elementor-col-50 elementor-top-column elementor-element elementor-element-31d1a36c\" data-id=\"31d1a36c\" data-element_type=\"column\">\n\t\t\t<div class=\"elementor-widget-wrap elementor-element-populated\">\n\t\t\t\t\t\t<div class=\"elementor-element elementor-element-3ba170b8 elementor-align-center elementor-widget elementor-widget-lottie\" data-id=\"3ba170b8\" data-element_type=\"widget\" data-settings=\"{&quot;source_json&quot;:{&quot;url&quot;:&quot;https:\\\/\\\/vitalij.michno.lt\\\/wp-content\\\/uploads\\\/2022\\\/06\\\/92794-unique-website-building.json&quot;,&quot;id&quot;:1006,&quot;size&quot;:&quot;&quot;,&quot;alt&quot;:&quot;&quot;,&quot;source&quot;:&quot;library&quot;},&quot;loop&quot;:&quot;yes&quot;,&quot;lazyload&quot;:&quot;yes&quot;,&quot;source&quot;:&quot;media_file&quot;,&quot;caption_source&quot;:&quot;none&quot;,&quot;link_to&quot;:&quot;none&quot;,&quot;trigger&quot;:&quot;arriving_to_viewport&quot;,&quot;viewport&quot;:{&quot;unit&quot;:&quot;%&quot;,&quot;size&quot;:&quot;&quot;,&quot;sizes&quot;:{&quot;start&quot;:0,&quot;end&quot;:100}},&quot;play_speed&quot;:{&quot;unit&quot;:&quot;px&quot;,&quot;size&quot;:1,&quot;sizes&quot;:[]},&quot;start_point&quot;:{&quot;unit&quot;:&quot;%&quot;,&quot;size&quot;:0,&quot;sizes&quot;:[]},&quot;end_point&quot;:{&quot;unit&quot;:&quot;%&quot;,&quot;size&quot;:100,&quot;sizes&quot;:[]},&quot;renderer&quot;:&quot;svg&quot;}\" data-widget_type=\"lottie.default\">\n\t\t\t\t<div class=\"elementor-widget-container\">\n\t\t\t\t\t<div class=\"e-lottie__container\"><div class=\"e-lottie__animation\"><\/div><\/div>\t\t\t\t<\/div>\n\t\t\t\t<\/div>\n\t\t\t\t\t<\/div>\n\t\t<\/div>\n\t\t\t\t\t<\/div>\n\t\t<\/section>\n\t\t\t\t<\/div>\n\t\t","protected":false},"excerpt":{"rendered":"<p>Us\u0142uga Witryna nie pasuje do \u017cadnej z kategorii? Nie martwijcie si\u0119, po prostu wyszlicie mi sw\u00f3j pomys\u0142, a ja dam Wam zna\u0107, czy mog\u0119 zaj\u0105\u0107 si\u0119 waszym niestandartowym projektem. Rozumiem, \u017ce czasami potrzebujecie unikalnych rozwi\u0105za\u0144. Portal Nowiny Og\u0142oszenia Katalog Forum Wasz pomys\u0142 Zam\u00f3wi\u0107<\/p>\n","protected":false},"author":1,"featured_media":0,"parent":2693,"menu_order":0,"comment_status":"closed","ping_status":"closed","template":"","meta":{"site-sidebar-layout":"no-sidebar","site-content-layout":"page-builder","ast-site-content-layout":"","site-content-style":"default","site-sidebar-style":"default","ast-global-header-display":"","ast-banner-title-visibility":"","ast-main-header-display":"","ast-hfb-above-header-display":"","ast-hfb-below-header-display":"","ast-hfb-mobile-header-display":"","site-post-title":"disabled","ast-breadcrumbs-content":"","ast-featured-img":"disabled","footer-sml-layout":"","theme-transparent-header-meta":"","adv-header-id-meta":"","stick-header-meta":"","header-above-stick-meta":"","header-main-stick-meta":"","header-below-stick-meta":"","astra-migrate-meta-layouts":"default","ast-page-background-enabled":"default","ast-page-background-meta":{"desktop":{"background-color":"","background-image":"","background-repeat":"repeat","background-position":"center center","background-size":"auto","background-attachment":"scroll","background-type":"","background-media":"","overlay-type":"","overlay-color":"","overlay-gradient":""},"tablet":{"background-color":"","background-image":"","background-repeat":"repeat","background-position":"center center","background-size":"auto","background-attachment":"scroll","background-type":"","background-media":"","overlay-type":"","overlay-color":"","overlay-gradient":""},"mobile":{"background-color":"","background-image":"","background-repeat":"repeat","background-position":"center center","background-size":"auto","background-attachment":"scroll","background-type":"","background-media":"","overlay-type":"","overlay-color":"","overlay-gradient":""}},"ast-content-background-meta":{"desktop":{"background-color":"var(--ast-global-color-5)","background-image":"","background-repeat":"repeat","background-position":"center center","background-size":"auto","background-attachment":"scroll","background-type":"","background-media":"","overlay-type":"","overlay-color":"","overlay-gradient":""},"tablet":{"background-color":"var(--ast-global-color-5)","background-image":"","background-repeat":"repeat","background-position":"center center","background-size":"auto","background-attachment":"scroll","background-type":"","background-media":"","overlay-type":"","overlay-color":"","overlay-gradient":""},"mobile":{"background-color":"var(--ast-global-color-5)","background-image":"","background-repeat":"repeat","background-position":"center center","background-size":"auto","background-attachment":"scroll","background-type":"","background-media":"","overlay-type":"","overlay-color":"","overlay-gradient":""}},"footnotes":""},"class_list":["post-2697","page","type-page","status-publish","hentry"],"yoast_head":"<!-- This site is optimized with the Yoast SEO plugin v24.2 - https:\/\/yoast.com\/wordpress\/plugins\/seo\/ -->\n<title>Stworzenie spersonalizowanej \/ unikalnej strony internetowej &#8212; Wordpress internetini\u0173 svetaini\u0173 k\u016brimas - Vitalij Michno<\/title>\n<meta name=\"robots\" content=\"index, follow, max-snippet:-1, max-image-preview:large, max-video-preview:-1\" \/>\n<link rel=\"canonical\" href=\"https:\/\/vitalij.michno.lt\/pl\/uslugi\/tworzenie-stron-internetowych\/stworzenie-spersonalizowanej-unikalnej-strony-internetowej\/\" \/>\n<meta property=\"og:locale\" content=\"pl_PL\" \/>\n<meta property=\"og:type\" content=\"article\" \/>\n<meta property=\"og:title\" content=\"Stworzenie spersonalizowanej \/ unikalnej strony internetowej &#8212; Wordpress internetini\u0173 svetaini\u0173 k\u016brimas - Vitalij Michno\" \/>\n<meta property=\"og:description\" content=\"Us\u0142uga Witryna nie pasuje do \u017cadnej z kategorii? Nie martwijcie si\u0119, po prostu wyszlicie mi sw\u00f3j pomys\u0142, a ja dam Wam zna\u0107, czy mog\u0119 zaj\u0105\u0107 si\u0119 waszym niestandartowym projektem. Rozumiem, \u017ce czasami potrzebujecie unikalnych rozwi\u0105za\u0144. Portal Nowiny Og\u0142oszenia Katalog Forum Wasz pomys\u0142 Zam\u00f3wi\u0107\" \/>\n<meta property=\"og:url\" content=\"https:\/\/vitalij.michno.lt\/pl\/uslugi\/tworzenie-stron-internetowych\/stworzenie-spersonalizowanej-unikalnej-strony-internetowej\/\" \/>\n<meta property=\"og:site_name\" content=\"Wordpress internetini\u0173 svetaini\u0173 k\u016brimas - Vitalij Michno\" \/>\n<meta property=\"article:modified_time\" content=\"2022-10-03T14:03:30+00:00\" \/>\n<meta property=\"og:image\" content=\"https:\/\/vitalij.michno.lt\/wp-content\/uploads\/2022\/06\/VM.png\" \/>\n\t<meta property=\"og:image:width\" content=\"500\" \/>\n\t<meta property=\"og:image:height\" content=\"500\" \/>\n\t<meta property=\"og:image:type\" content=\"image\/png\" \/>\n<meta name=\"twitter:card\" content=\"summary_large_image\" \/>\n<script type=\"application\/ld+json\" class=\"yoast-schema-graph\">{\"@context\":\"https:\/\/schema.org\",\"@graph\":[{\"@type\":\"Article\",\"@id\":\"https:\/\/vitalij.michno.lt\/pl\/uslugi\/tworzenie-stron-internetowych\/stworzenie-spersonalizowanej-unikalnej-strony-internetowej\/#article\",\"isPartOf\":{\"@id\":\"https:\/\/vitalij.michno.lt\/pl\/uslugi\/tworzenie-stron-internetowych\/stworzenie-spersonalizowanej-unikalnej-strony-internetowej\/\"},\"author\":{\"name\":\"Vitalij Michno\",\"@id\":\"https:\/\/vitalij.michno.lt\/#\/schema\/person\/becd8c2db64cf3982d3ed011552c4daf\"},\"headline\":\"Stworzenie spersonalizowanej \/ unikalnej strony internetowej\",\"datePublished\":\"2022-06-14T14:20:05+00:00\",\"dateModified\":\"2022-10-03T14:03:30+00:00\",\"mainEntityOfPage\":{\"@id\":\"https:\/\/vitalij.michno.lt\/pl\/uslugi\/tworzenie-stron-internetowych\/stworzenie-spersonalizowanej-unikalnej-strony-internetowej\/\"},\"wordCount\":53,\"publisher\":{\"@id\":\"https:\/\/vitalij.michno.lt\/#\/schema\/person\/becd8c2db64cf3982d3ed011552c4daf\"},\"inLanguage\":\"pl-PL\"},{\"@type\":\"WebPage\",\"@id\":\"https:\/\/vitalij.michno.lt\/pl\/uslugi\/tworzenie-stron-internetowych\/stworzenie-spersonalizowanej-unikalnej-strony-internetowej\/\",\"url\":\"https:\/\/vitalij.michno.lt\/pl\/uslugi\/tworzenie-stron-internetowych\/stworzenie-spersonalizowanej-unikalnej-strony-internetowej\/\",\"name\":\"Stworzenie spersonalizowanej \/ unikalnej strony internetowej &#8212; Wordpress internetini\u0173 svetaini\u0173 k\u016brimas - Vitalij Michno\",\"isPartOf\":{\"@id\":\"https:\/\/vitalij.michno.lt\/#website\"},\"datePublished\":\"2022-06-14T14:20:05+00:00\",\"dateModified\":\"2022-10-03T14:03:30+00:00\",\"breadcrumb\":{\"@id\":\"https:\/\/vitalij.michno.lt\/pl\/uslugi\/tworzenie-stron-internetowych\/stworzenie-spersonalizowanej-unikalnej-strony-internetowej\/#breadcrumb\"},\"inLanguage\":\"pl-PL\",\"potentialAction\":[{\"@type\":\"ReadAction\",\"target\":[\"https:\/\/vitalij.michno.lt\/pl\/uslugi\/tworzenie-stron-internetowych\/stworzenie-spersonalizowanej-unikalnej-strony-internetowej\/\"]}]},{\"@type\":\"BreadcrumbList\",\"@id\":\"https:\/\/vitalij.michno.lt\/pl\/uslugi\/tworzenie-stron-internetowych\/stworzenie-spersonalizowanej-unikalnej-strony-internetowej\/#breadcrumb\",\"itemListElement\":[{\"@type\":\"ListItem\",\"position\":1,\"name\":\"Pagr.\",\"item\":\"https:\/\/vitalij.michno.lt\/pl\/homepage-pl\/\"},{\"@type\":\"ListItem\",\"position\":2,\"name\":\"Us\u0142ugi\",\"item\":\"https:\/\/vitalij.michno.lt\/pl\/uslugi\/\"},{\"@type\":\"ListItem\",\"position\":3,\"name\":\"Tworzenie stron internetowych\",\"item\":\"https:\/\/vitalij.michno.lt\/pl\/uslugi\/tworzenie-stron-internetowych\/\"},{\"@type\":\"ListItem\",\"position\":4,\"name\":\"Stworzenie spersonalizowanej \/ unikalnej strony internetowej\"}]},{\"@type\":\"WebSite\",\"@id\":\"https:\/\/vitalij.michno.lt\/#website\",\"url\":\"https:\/\/vitalij.michno.lt\/\",\"name\":\"Wordpress internetini\u0173 svetaini\u0173 k\u016brimas - Vitalij Michno\",\"description\":\"\",\"publisher\":{\"@id\":\"https:\/\/vitalij.michno.lt\/#\/schema\/person\/becd8c2db64cf3982d3ed011552c4daf\"},\"potentialAction\":[{\"@type\":\"SearchAction\",\"target\":{\"@type\":\"EntryPoint\",\"urlTemplate\":\"https:\/\/vitalij.michno.lt\/?s={search_term_string}\"},\"query-input\":{\"@type\":\"PropertyValueSpecification\",\"valueRequired\":true,\"valueName\":\"search_term_string\"}}],\"inLanguage\":\"pl-PL\"},{\"@type\":[\"Person\",\"Organization\"],\"@id\":\"https:\/\/vitalij.michno.lt\/#\/schema\/person\/becd8c2db64cf3982d3ed011552c4daf\",\"name\":\"Vitalij Michno\",\"image\":{\"@type\":\"ImageObject\",\"inLanguage\":\"pl-PL\",\"@id\":\"https:\/\/vitalij.michno.lt\/#\/schema\/person\/image\/\",\"url\":\"https:\/\/vitalij.michno.lt\/wp-content\/uploads\/2022\/06\/me.jpg\",\"contentUrl\":\"https:\/\/vitalij.michno.lt\/wp-content\/uploads\/2022\/06\/me.jpg\",\"width\":640,\"height\":800,\"caption\":\"Vitalij Michno\"},\"logo\":{\"@id\":\"https:\/\/vitalij.michno.lt\/#\/schema\/person\/image\/\"},\"sameAs\":[\"https:\/\/vitalij.michno.lt\"],\"url\":\"https:\/\/vitalij.michno.lt\/pl\/author\/adminus123\/\"}]}<\/script>\n<!-- \/ Yoast SEO plugin. -->","yoast_head_json":{"title":"Stworzenie spersonalizowanej \/ unikalnej strony internetowej &#8212; Wordpress internetini\u0173 svetaini\u0173 k\u016brimas - Vitalij Michno","robots":{"index":"index","follow":"follow","max-snippet":"max-snippet:-1","max-image-preview":"max-image-preview:large","max-video-preview":"max-video-preview:-1"},"canonical":"https:\/\/vitalij.michno.lt\/pl\/uslugi\/tworzenie-stron-internetowych\/stworzenie-spersonalizowanej-unikalnej-strony-internetowej\/","og_locale":"pl_PL","og_type":"article","og_title":"Stworzenie spersonalizowanej \/ unikalnej strony internetowej &#8212; Wordpress internetini\u0173 svetaini\u0173 k\u016brimas - Vitalij Michno","og_description":"Us\u0142uga Witryna nie pasuje do \u017cadnej z kategorii? Nie martwijcie si\u0119, po prostu wyszlicie mi sw\u00f3j pomys\u0142, a ja dam Wam zna\u0107, czy mog\u0119 zaj\u0105\u0107 si\u0119 waszym niestandartowym projektem. Rozumiem, \u017ce czasami potrzebujecie unikalnych rozwi\u0105za\u0144. Portal Nowiny Og\u0142oszenia Katalog Forum Wasz pomys\u0142 Zam\u00f3wi\u0107","og_url":"https:\/\/vitalij.michno.lt\/pl\/uslugi\/tworzenie-stron-internetowych\/stworzenie-spersonalizowanej-unikalnej-strony-internetowej\/","og_site_name":"Wordpress internetini\u0173 svetaini\u0173 k\u016brimas - Vitalij Michno","article_modified_time":"2022-10-03T14:03:30+00:00","og_image":[{"width":500,"height":500,"url":"https:\/\/vitalij.michno.lt\/wp-content\/uploads\/2022\/06\/VM.png","type":"image\/png"}],"twitter_card":"summary_large_image","schema":{"@context":"https:\/\/schema.org","@graph":[{"@type":"Article","@id":"https:\/\/vitalij.michno.lt\/pl\/uslugi\/tworzenie-stron-internetowych\/stworzenie-spersonalizowanej-unikalnej-strony-internetowej\/#article","isPartOf":{"@id":"https:\/\/vitalij.michno.lt\/pl\/uslugi\/tworzenie-stron-internetowych\/stworzenie-spersonalizowanej-unikalnej-strony-internetowej\/"},"author":{"name":"Vitalij Michno","@id":"https:\/\/vitalij.michno.lt\/#\/schema\/person\/becd8c2db64cf3982d3ed011552c4daf"},"headline":"Stworzenie spersonalizowanej \/ unikalnej strony internetowej","datePublished":"2022-06-14T14:20:05+00:00","dateModified":"2022-10-03T14:03:30+00:00","mainEntityOfPage":{"@id":"https:\/\/vitalij.michno.lt\/pl\/uslugi\/tworzenie-stron-internetowych\/stworzenie-spersonalizowanej-unikalnej-strony-internetowej\/"},"wordCount":53,"publisher":{"@id":"https:\/\/vitalij.michno.lt\/#\/schema\/person\/becd8c2db64cf3982d3ed011552c4daf"},"inLanguage":"pl-PL"},{"@type":"WebPage","@id":"https:\/\/vitalij.michno.lt\/pl\/uslugi\/tworzenie-stron-internetowych\/stworzenie-spersonalizowanej-unikalnej-strony-internetowej\/","url":"https:\/\/vitalij.michno.lt\/pl\/uslugi\/tworzenie-stron-internetowych\/stworzenie-spersonalizowanej-unikalnej-strony-internetowej\/","name":"Stworzenie spersonalizowanej \/ unikalnej strony internetowej &#8212; Wordpress internetini\u0173 svetaini\u0173 k\u016brimas - Vitalij Michno","isPartOf":{"@id":"https:\/\/vitalij.michno.lt\/#website"},"datePublished":"2022-06-14T14:20:05+00:00","dateModified":"2022-10-03T14:03:30+00:00","breadcrumb":{"@id":"https:\/\/vitalij.michno.lt\/pl\/uslugi\/tworzenie-stron-internetowych\/stworzenie-spersonalizowanej-unikalnej-strony-internetowej\/#breadcrumb"},"inLanguage":"pl-PL","potentialAction":[{"@type":"ReadAction","target":["https:\/\/vitalij.michno.lt\/pl\/uslugi\/tworzenie-stron-internetowych\/stworzenie-spersonalizowanej-unikalnej-strony-internetowej\/"]}]},{"@type":"BreadcrumbList","@id":"https:\/\/vitalij.michno.lt\/pl\/uslugi\/tworzenie-stron-internetowych\/stworzenie-spersonalizowanej-unikalnej-strony-internetowej\/#breadcrumb","itemListElement":[{"@type":"ListItem","position":1,"name":"Pagr.","item":"https:\/\/vitalij.michno.lt\/pl\/homepage-pl\/"},{"@type":"ListItem","position":2,"name":"Us\u0142ugi","item":"https:\/\/vitalij.michno.lt\/pl\/uslugi\/"},{"@type":"ListItem","position":3,"name":"Tworzenie stron internetowych","item":"https:\/\/vitalij.michno.lt\/pl\/uslugi\/tworzenie-stron-internetowych\/"},{"@type":"ListItem","position":4,"name":"Stworzenie spersonalizowanej \/ unikalnej strony internetowej"}]},{"@type":"WebSite","@id":"https:\/\/vitalij.michno.lt\/#website","url":"https:\/\/vitalij.michno.lt\/","name":"Wordpress internetini\u0173 svetaini\u0173 k\u016brimas - Vitalij Michno","description":"","publisher":{"@id":"https:\/\/vitalij.michno.lt\/#\/schema\/person\/becd8c2db64cf3982d3ed011552c4daf"},"potentialAction":[{"@type":"SearchAction","target":{"@type":"EntryPoint","urlTemplate":"https:\/\/vitalij.michno.lt\/?s={search_term_string}"},"query-input":{"@type":"PropertyValueSpecification","valueRequired":true,"valueName":"search_term_string"}}],"inLanguage":"pl-PL"},{"@type":["Person","Organization"],"@id":"https:\/\/vitalij.michno.lt\/#\/schema\/person\/becd8c2db64cf3982d3ed011552c4daf","name":"Vitalij Michno","image":{"@type":"ImageObject","inLanguage":"pl-PL","@id":"https:\/\/vitalij.michno.lt\/#\/schema\/person\/image\/","url":"https:\/\/vitalij.michno.lt\/wp-content\/uploads\/2022\/06\/me.jpg","contentUrl":"https:\/\/vitalij.michno.lt\/wp-content\/uploads\/2022\/06\/me.jpg","width":640,"height":800,"caption":"Vitalij Michno"},"logo":{"@id":"https:\/\/vitalij.michno.lt\/#\/schema\/person\/image\/"},"sameAs":["https:\/\/vitalij.michno.lt"],"url":"https:\/\/vitalij.michno.lt\/pl\/author\/adminus123\/"}]}},"_links":{"self":[{"href":"https:\/\/vitalij.michno.lt\/pl\/wp-json\/wp\/v2\/pages\/2697","targetHints":{"allow":["GET"]}}],"collection":[{"href":"https:\/\/vitalij.michno.lt\/pl\/wp-json\/wp\/v2\/pages"}],"about":[{"href":"https:\/\/vitalij.michno.lt\/pl\/wp-json\/wp\/v2\/types\/page"}],"author":[{"embeddable":true,"href":"https:\/\/vitalij.michno.lt\/pl\/wp-json\/wp\/v2\/users\/1"}],"replies":[{"embeddable":true,"href":"https:\/\/vitalij.michno.lt\/pl\/wp-json\/wp\/v2\/comments?post=2697"}],"version-history":[{"count":1,"href":"https:\/\/vitalij.michno.lt\/pl\/wp-json\/wp\/v2\/pages\/2697\/revisions"}],"predecessor-version":[{"id":2698,"href":"https:\/\/vitalij.michno.lt\/pl\/wp-json\/wp\/v2\/pages\/2697\/revisions\/2698"}],"up":[{"embeddable":true,"href":"https:\/\/vitalij.michno.lt\/pl\/wp-json\/wp\/v2\/pages\/2693"}],"wp:attachment":[{"href":"https:\/\/vitalij.michno.lt\/pl\/wp-json\/wp\/v2\/media?parent=2697"}],"curies":[{"name":"wp","href":"https:\/\/api.w.org\/{rel}","templated":true}]}}