{"id":2721,"date":"2022-06-15T06:34:29","date_gmt":"2022-06-15T06:34:29","guid":{"rendered":"https:\/\/vitalij.michno.lt\/uslugi\/uslugi-dla-witryn-wordpress\/optymalizacja-szybkosci-ladowania-strony\/"},"modified":"2022-10-03T14:17:37","modified_gmt":"2022-10-03T14:17:37","slug":"optymalizacja-szybkosci-ladowania-strony","status":"publish","type":"page","link":"https:\/\/vitalij.michno.lt\/pl\/uslugi\/uslugi-dla-witryn-wordpress\/optymalizacja-szybkosci-ladowania-strony\/","title":{"rendered":"Optymalizacja szybko\u015bci \u0142adowania strony"},"content":{"rendered":"\t\t<div data-elementor-type=\"wp-page\" data-elementor-id=\"2721\" class=\"elementor elementor-2721 elementor-1196\" data-elementor-post-type=\"page\">\n\t\t\t\t\t\t<section class=\"elementor-section elementor-top-section elementor-element elementor-element-398cbb4 elementor-reverse-mobile elementor-section-boxed elementor-section-height-default elementor-section-height-default\" data-id=\"398cbb4\" data-element_type=\"section\" data-settings=\"{&quot;background_background&quot;:&quot;classic&quot;,&quot;jet_parallax_layout_list&quot;:[]}\">\n\t\t\t\t\t\t<div class=\"elementor-container elementor-column-gap-default\">\n\t\t\t\t\t<div class=\"elementor-column elementor-col-50 elementor-top-column elementor-element elementor-element-e2adff1\" data-id=\"e2adff1\" data-element_type=\"column\">\n\t\t\t<div class=\"elementor-widget-wrap elementor-element-populated\">\n\t\t\t\t\t\t<div class=\"elementor-element elementor-element-682b2d7f elementor-widget elementor-widget-heading\" data-id=\"682b2d7f\" data-element_type=\"widget\" data-widget_type=\"heading.default\">\n\t\t\t\t<div class=\"elementor-widget-container\">\n\t\t\t\t\t<h4 class=\"elementor-heading-title elementor-size-default\">Us\u0142uga<\/h4>\t\t\t\t<\/div>\n\t\t\t\t<\/div>\n\t\t\t\t<div class=\"elementor-element elementor-element-2954d84f elementor-widget elementor-widget-heading\" data-id=\"2954d84f\" data-element_type=\"widget\" data-widget_type=\"heading.default\">\n\t\t\t\t<div class=\"elementor-widget-container\">\n\t\t\t\t\t<h2 class=\"elementor-heading-title elementor-size-default\">Optymalizacja szybko\u015bci \u0142adowania strony<\/h2>\t\t\t\t<\/div>\n\t\t\t\t<\/div>\n\t\t\t\t<div class=\"elementor-element elementor-element-b0ed0f9 elementor-widget elementor-widget-text-editor\" data-id=\"b0ed0f9\" data-element_type=\"widget\" data-widget_type=\"text-editor.default\">\n\t\t\t\t<div class=\"elementor-widget-container\">\n\t\t\t\t\t\t\t\t\t<p>Czy witryna wczytuje si\u0119 powoli w przegl\u0105darce? Witryna \u0142aduje si\u0119 d\u0142u\u017cej ni\u017c 3 sekundy? Otrzymujecie b\u0142\u0119dy pobierania? Hosting wysy\u0142a powiadomienia o przekroczeniu limit\u00f3w? To wszystko jest smutne, ale mo\u017cna naprawi\u0107!    <\/p>\n<p>Strona dzia\u0142a wolno &#8211; to pe\u0142ne fiasko i strata czasu dla klienta biznesu. Pozycje w wynikach wyszukiwarki zale\u017c\u0105 nie tylko od szybko\u015b\u0107i \u0142adowania strony, ale tak\u017ce od wygody korzystania witryn\u0105. <\/p>\n<p>Idealna szybko\u015b\u0107 \u0142adowania www wynosi 0,3-0,5 sekundy. W ten spos\u00f3b mo\u017cna zoptymalizowa\u0107 witryn\u0119 w oko\u0142o 1-3 przypadkach z 10, a 4-7 witryn z 10 udaje si\u0119 za\u0142adowa\u0107 (zoptymilizowa\u0107) w ci\u0105gu 1 sekundy. Wiele jednak zale\u017cy od tego, jak strona jest zbudowana, jakie wtyczki i motywy s\u0105 u\u017cywane, jak skonfigurowany jest VPS (je\u017celi u\u017cywany jest VPS).   <\/p>\n\t\t\t\t\t\t\t\t<\/div>\n\t\t\t\t<\/div>\n\t\t\t\t<div class=\"elementor-element elementor-element-56f886bf elementor-align-left elementor-tablet-align-left elementor-widget elementor-widget-button\" data-id=\"56f886bf\" data-element_type=\"widget\" data-widget_type=\"button.default\">\n\t\t\t\t<div class=\"elementor-widget-container\">\n\t\t\t\t\t\t\t\t\t<div class=\"elementor-button-wrapper\">\n\t\t\t\t\t<a class=\"elementor-button elementor-button-link elementor-size-sm\" href=\"#contact-us-small-form-1\">\n\t\t\t\t\t\t<span class=\"elementor-button-content-wrapper\">\n\t\t\t\t\t\t\t\t\t<span class=\"elementor-button-text\">Zam\u00f3wi\u0107<\/span>\n\t\t\t\t\t<\/span>\n\t\t\t\t\t<\/a>\n\t\t\t\t<\/div>\n\t\t\t\t\t\t\t\t<\/div>\n\t\t\t\t<\/div>\n\t\t\t\t\t<\/div>\n\t\t<\/div>\n\t\t\t\t<div class=\"elementor-column elementor-col-50 elementor-top-column elementor-element elementor-element-7467dcfd\" data-id=\"7467dcfd\" data-element_type=\"column\">\n\t\t\t<div class=\"elementor-widget-wrap elementor-element-populated\">\n\t\t\t\t\t\t<div class=\"elementor-element elementor-element-2d836792 elementor-align-center elementor-widget elementor-widget-lottie\" data-id=\"2d836792\" data-element_type=\"widget\" data-settings=\"{&quot;source_json&quot;:{&quot;url&quot;:&quot;https:\\\/\\\/vitalij.michno.lt\\\/wp-content\\\/uploads\\\/2022\\\/06\\\/96727-speed-meter.json&quot;,&quot;id&quot;:1199,&quot;size&quot;:&quot;&quot;,&quot;alt&quot;:&quot;&quot;,&quot;source&quot;:&quot;library&quot;},&quot;loop&quot;:&quot;yes&quot;,&quot;lazyload&quot;:&quot;yes&quot;,&quot;source&quot;:&quot;media_file&quot;,&quot;caption_source&quot;:&quot;none&quot;,&quot;link_to&quot;:&quot;none&quot;,&quot;trigger&quot;:&quot;arriving_to_viewport&quot;,&quot;viewport&quot;:{&quot;unit&quot;:&quot;%&quot;,&quot;size&quot;:&quot;&quot;,&quot;sizes&quot;:{&quot;start&quot;:0,&quot;end&quot;:100}},&quot;play_speed&quot;:{&quot;unit&quot;:&quot;px&quot;,&quot;size&quot;:1,&quot;sizes&quot;:[]},&quot;start_point&quot;:{&quot;unit&quot;:&quot;%&quot;,&quot;size&quot;:0,&quot;sizes&quot;:[]},&quot;end_point&quot;:{&quot;unit&quot;:&quot;%&quot;,&quot;size&quot;:100,&quot;sizes&quot;:[]},&quot;renderer&quot;:&quot;svg&quot;}\" data-widget_type=\"lottie.default\">\n\t\t\t\t<div class=\"elementor-widget-container\">\n\t\t\t\t\t<div class=\"e-lottie__container\"><div class=\"e-lottie__animation\"><\/div><\/div>\t\t\t\t<\/div>\n\t\t\t\t<\/div>\n\t\t\t\t\t<\/div>\n\t\t<\/div>\n\t\t\t\t\t<\/div>\n\t\t<\/section>\n\t\t\t\t<\/div>\n\t\t","protected":false},"excerpt":{"rendered":"<p>Us\u0142uga Czy witryna wczytuje si\u0119 powoli w przegl\u0105darce? Witryna \u0142aduje si\u0119 d\u0142u\u017cej ni\u017c 3 sekundy? Otrzymujecie b\u0142\u0119dy pobierania? Hosting wysy\u0142a powiadomienia o przekroczeniu limit\u00f3w? To wszystko jest smutne, ale mo\u017cna naprawi\u0107! Strona dzia\u0142a wolno &#8211; to pe\u0142ne fiasko i strata czasu dla klienta biznesu. Pozycje w wynikach wyszukiwarki zale\u017c\u0105 nie tylko od szybko\u015b\u0107i \u0142adowania strony, [&hellip;]<\/p>\n","protected":false},"author":1,"featured_media":0,"parent":2715,"menu_order":0,"comment_status":"closed","ping_status":"closed","template":"","meta":{"site-sidebar-layout":"no-sidebar","site-content-layout":"page-builder","ast-site-content-layout":"","site-content-style":"default","site-sidebar-style":"default","ast-global-header-display":"","ast-banner-title-visibility":"","ast-main-header-display":"","ast-hfb-above-header-display":"","ast-hfb-below-header-display":"","ast-hfb-mobile-header-display":"","site-post-title":"disabled","ast-breadcrumbs-content":"","ast-featured-img":"disabled","footer-sml-layout":"","theme-transparent-header-meta":"","adv-header-id-meta":"","stick-header-meta":"","header-above-stick-meta":"","header-main-stick-meta":"","header-below-stick-meta":"","astra-migrate-meta-layouts":"default","ast-page-background-enabled":"default","ast-page-background-meta":{"desktop":{"background-color":"","background-image":"","background-repeat":"repeat","background-position":"center center","background-size":"auto","background-attachment":"scroll","background-type":"","background-media":"","overlay-type":"","overlay-color":"","overlay-gradient":""},"tablet":{"background-color":"","background-image":"","background-repeat":"repeat","background-position":"center center","background-size":"auto","background-attachment":"scroll","background-type":"","background-media":"","overlay-type":"","overlay-color":"","overlay-gradient":""},"mobile":{"background-color":"","background-image":"","background-repeat":"repeat","background-position":"center center","background-size":"auto","background-attachment":"scroll","background-type":"","background-media":"","overlay-type":"","overlay-color":"","overlay-gradient":""}},"ast-content-background-meta":{"desktop":{"background-color":"var(--ast-global-color-5)","background-image":"","background-repeat":"repeat","background-position":"center center","background-size":"auto","background-attachment":"scroll","background-type":"","background-media":"","overlay-type":"","overlay-color":"","overlay-gradient":""},"tablet":{"background-color":"var(--ast-global-color-5)","background-image":"","background-repeat":"repeat","background-position":"center center","background-size":"auto","background-attachment":"scroll","background-type":"","background-media":"","overlay-type":"","overlay-color":"","overlay-gradient":""},"mobile":{"background-color":"var(--ast-global-color-5)","background-image":"","background-repeat":"repeat","background-position":"center center","background-size":"auto","background-attachment":"scroll","background-type":"","background-media":"","overlay-type":"","overlay-color":"","overlay-gradient":""}},"footnotes":""},"class_list":["post-2721","page","type-page","status-publish","hentry"],"yoast_head":"<!-- This site is optimized with the Yoast SEO plugin v24.2 - https:\/\/yoast.com\/wordpress\/plugins\/seo\/ -->\n<title>Optymalizacja szybko\u015bci \u0142adowania strony &#8212; Wordpress internetini\u0173 svetaini\u0173 k\u016brimas - Vitalij Michno<\/title>\n<meta name=\"robots\" content=\"index, follow, max-snippet:-1, max-image-preview:large, max-video-preview:-1\" \/>\n<link rel=\"canonical\" href=\"https:\/\/vitalij.michno.lt\/pl\/uslugi\/uslugi-dla-witryn-wordpress\/optymalizacja-szybkosci-ladowania-strony\/\" \/>\n<meta property=\"og:locale\" content=\"pl_PL\" \/>\n<meta property=\"og:type\" content=\"article\" \/>\n<meta property=\"og:title\" content=\"Optymalizacja szybko\u015bci \u0142adowania strony &#8212; Wordpress internetini\u0173 svetaini\u0173 k\u016brimas - Vitalij Michno\" \/>\n<meta property=\"og:description\" content=\"Us\u0142uga Czy witryna wczytuje si\u0119 powoli w przegl\u0105darce? Witryna \u0142aduje si\u0119 d\u0142u\u017cej ni\u017c 3 sekundy? Otrzymujecie b\u0142\u0119dy pobierania? Hosting wysy\u0142a powiadomienia o przekroczeniu limit\u00f3w? To wszystko jest smutne, ale mo\u017cna naprawi\u0107! Strona dzia\u0142a wolno &#8211; to pe\u0142ne fiasko i strata czasu dla klienta biznesu. Pozycje w wynikach wyszukiwarki zale\u017c\u0105 nie tylko od szybko\u015b\u0107i \u0142adowania strony, [&hellip;]\" \/>\n<meta property=\"og:url\" content=\"https:\/\/vitalij.michno.lt\/pl\/uslugi\/uslugi-dla-witryn-wordpress\/optymalizacja-szybkosci-ladowania-strony\/\" \/>\n<meta property=\"og:site_name\" content=\"Wordpress internetini\u0173 svetaini\u0173 k\u016brimas - Vitalij Michno\" \/>\n<meta property=\"article:modified_time\" content=\"2022-10-03T14:17:37+00:00\" \/>\n<meta property=\"og:image\" content=\"https:\/\/vitalij.michno.lt\/wp-content\/uploads\/2022\/06\/VM.png\" \/>\n\t<meta property=\"og:image:width\" content=\"500\" \/>\n\t<meta property=\"og:image:height\" content=\"500\" \/>\n\t<meta property=\"og:image:type\" content=\"image\/png\" \/>\n<meta name=\"twitter:card\" content=\"summary_large_image\" \/>\n<script type=\"application\/ld+json\" class=\"yoast-schema-graph\">{\"@context\":\"https:\/\/schema.org\",\"@graph\":[{\"@type\":\"Article\",\"@id\":\"https:\/\/vitalij.michno.lt\/pl\/uslugi\/uslugi-dla-witryn-wordpress\/optymalizacja-szybkosci-ladowania-strony\/#article\",\"isPartOf\":{\"@id\":\"https:\/\/vitalij.michno.lt\/pl\/uslugi\/uslugi-dla-witryn-wordpress\/optymalizacja-szybkosci-ladowania-strony\/\"},\"author\":{\"name\":\"Vitalij Michno\",\"@id\":\"https:\/\/vitalij.michno.lt\/#\/schema\/person\/becd8c2db64cf3982d3ed011552c4daf\"},\"headline\":\"Optymalizacja szybko\u015bci \u0142adowania strony\",\"datePublished\":\"2022-06-15T06:34:29+00:00\",\"dateModified\":\"2022-10-03T14:17:37+00:00\",\"mainEntityOfPage\":{\"@id\":\"https:\/\/vitalij.michno.lt\/pl\/uslugi\/uslugi-dla-witryn-wordpress\/optymalizacja-szybkosci-ladowania-strony\/\"},\"wordCount\":140,\"publisher\":{\"@id\":\"https:\/\/vitalij.michno.lt\/#\/schema\/person\/becd8c2db64cf3982d3ed011552c4daf\"},\"inLanguage\":\"pl-PL\"},{\"@type\":\"WebPage\",\"@id\":\"https:\/\/vitalij.michno.lt\/pl\/uslugi\/uslugi-dla-witryn-wordpress\/optymalizacja-szybkosci-ladowania-strony\/\",\"url\":\"https:\/\/vitalij.michno.lt\/pl\/uslugi\/uslugi-dla-witryn-wordpress\/optymalizacja-szybkosci-ladowania-strony\/\",\"name\":\"Optymalizacja szybko\u015bci \u0142adowania strony &#8212; Wordpress internetini\u0173 svetaini\u0173 k\u016brimas - Vitalij Michno\",\"isPartOf\":{\"@id\":\"https:\/\/vitalij.michno.lt\/#website\"},\"datePublished\":\"2022-06-15T06:34:29+00:00\",\"dateModified\":\"2022-10-03T14:17:37+00:00\",\"breadcrumb\":{\"@id\":\"https:\/\/vitalij.michno.lt\/pl\/uslugi\/uslugi-dla-witryn-wordpress\/optymalizacja-szybkosci-ladowania-strony\/#breadcrumb\"},\"inLanguage\":\"pl-PL\",\"potentialAction\":[{\"@type\":\"ReadAction\",\"target\":[\"https:\/\/vitalij.michno.lt\/pl\/uslugi\/uslugi-dla-witryn-wordpress\/optymalizacja-szybkosci-ladowania-strony\/\"]}]},{\"@type\":\"BreadcrumbList\",\"@id\":\"https:\/\/vitalij.michno.lt\/pl\/uslugi\/uslugi-dla-witryn-wordpress\/optymalizacja-szybkosci-ladowania-strony\/#breadcrumb\",\"itemListElement\":[{\"@type\":\"ListItem\",\"position\":1,\"name\":\"Pagr.\",\"item\":\"https:\/\/vitalij.michno.lt\/pl\/homepage-pl\/\"},{\"@type\":\"ListItem\",\"position\":2,\"name\":\"Us\u0142ugi\",\"item\":\"https:\/\/vitalij.michno.lt\/pl\/uslugi\/\"},{\"@type\":\"ListItem\",\"position\":3,\"name\":\"Us\u0142ugi dla witryn WordPress\",\"item\":\"https:\/\/vitalij.michno.lt\/pl\/uslugi\/uslugi-dla-witryn-wordpress\/\"},{\"@type\":\"ListItem\",\"position\":4,\"name\":\"Optymalizacja szybko\u015bci \u0142adowania strony\"}]},{\"@type\":\"WebSite\",\"@id\":\"https:\/\/vitalij.michno.lt\/#website\",\"url\":\"https:\/\/vitalij.michno.lt\/\",\"name\":\"Wordpress internetini\u0173 svetaini\u0173 k\u016brimas - Vitalij Michno\",\"description\":\"\",\"publisher\":{\"@id\":\"https:\/\/vitalij.michno.lt\/#\/schema\/person\/becd8c2db64cf3982d3ed011552c4daf\"},\"potentialAction\":[{\"@type\":\"SearchAction\",\"target\":{\"@type\":\"EntryPoint\",\"urlTemplate\":\"https:\/\/vitalij.michno.lt\/?s={search_term_string}\"},\"query-input\":{\"@type\":\"PropertyValueSpecification\",\"valueRequired\":true,\"valueName\":\"search_term_string\"}}],\"inLanguage\":\"pl-PL\"},{\"@type\":[\"Person\",\"Organization\"],\"@id\":\"https:\/\/vitalij.michno.lt\/#\/schema\/person\/becd8c2db64cf3982d3ed011552c4daf\",\"name\":\"Vitalij Michno\",\"image\":{\"@type\":\"ImageObject\",\"inLanguage\":\"pl-PL\",\"@id\":\"https:\/\/vitalij.michno.lt\/#\/schema\/person\/image\/\",\"url\":\"https:\/\/vitalij.michno.lt\/wp-content\/uploads\/2022\/06\/me.jpg\",\"contentUrl\":\"https:\/\/vitalij.michno.lt\/wp-content\/uploads\/2022\/06\/me.jpg\",\"width\":640,\"height\":800,\"caption\":\"Vitalij Michno\"},\"logo\":{\"@id\":\"https:\/\/vitalij.michno.lt\/#\/schema\/person\/image\/\"},\"sameAs\":[\"https:\/\/vitalij.michno.lt\"],\"url\":\"https:\/\/vitalij.michno.lt\/pl\/author\/adminus123\/\"}]}<\/script>\n<!-- \/ Yoast SEO plugin. -->","yoast_head_json":{"title":"Optymalizacja szybko\u015bci \u0142adowania strony &#8212; Wordpress internetini\u0173 svetaini\u0173 k\u016brimas - Vitalij Michno","robots":{"index":"index","follow":"follow","max-snippet":"max-snippet:-1","max-image-preview":"max-image-preview:large","max-video-preview":"max-video-preview:-1"},"canonical":"https:\/\/vitalij.michno.lt\/pl\/uslugi\/uslugi-dla-witryn-wordpress\/optymalizacja-szybkosci-ladowania-strony\/","og_locale":"pl_PL","og_type":"article","og_title":"Optymalizacja szybko\u015bci \u0142adowania strony &#8212; Wordpress internetini\u0173 svetaini\u0173 k\u016brimas - Vitalij Michno","og_description":"Us\u0142uga Czy witryna wczytuje si\u0119 powoli w przegl\u0105darce? Witryna \u0142aduje si\u0119 d\u0142u\u017cej ni\u017c 3 sekundy? Otrzymujecie b\u0142\u0119dy pobierania? Hosting wysy\u0142a powiadomienia o przekroczeniu limit\u00f3w? To wszystko jest smutne, ale mo\u017cna naprawi\u0107! Strona dzia\u0142a wolno &#8211; to pe\u0142ne fiasko i strata czasu dla klienta biznesu. Pozycje w wynikach wyszukiwarki zale\u017c\u0105 nie tylko od szybko\u015b\u0107i \u0142adowania strony, [&hellip;]","og_url":"https:\/\/vitalij.michno.lt\/pl\/uslugi\/uslugi-dla-witryn-wordpress\/optymalizacja-szybkosci-ladowania-strony\/","og_site_name":"Wordpress internetini\u0173 svetaini\u0173 k\u016brimas - Vitalij Michno","article_modified_time":"2022-10-03T14:17:37+00:00","og_image":[{"width":500,"height":500,"url":"https:\/\/vitalij.michno.lt\/wp-content\/uploads\/2022\/06\/VM.png","type":"image\/png"}],"twitter_card":"summary_large_image","schema":{"@context":"https:\/\/schema.org","@graph":[{"@type":"Article","@id":"https:\/\/vitalij.michno.lt\/pl\/uslugi\/uslugi-dla-witryn-wordpress\/optymalizacja-szybkosci-ladowania-strony\/#article","isPartOf":{"@id":"https:\/\/vitalij.michno.lt\/pl\/uslugi\/uslugi-dla-witryn-wordpress\/optymalizacja-szybkosci-ladowania-strony\/"},"author":{"name":"Vitalij Michno","@id":"https:\/\/vitalij.michno.lt\/#\/schema\/person\/becd8c2db64cf3982d3ed011552c4daf"},"headline":"Optymalizacja szybko\u015bci \u0142adowania strony","datePublished":"2022-06-15T06:34:29+00:00","dateModified":"2022-10-03T14:17:37+00:00","mainEntityOfPage":{"@id":"https:\/\/vitalij.michno.lt\/pl\/uslugi\/uslugi-dla-witryn-wordpress\/optymalizacja-szybkosci-ladowania-strony\/"},"wordCount":140,"publisher":{"@id":"https:\/\/vitalij.michno.lt\/#\/schema\/person\/becd8c2db64cf3982d3ed011552c4daf"},"inLanguage":"pl-PL"},{"@type":"WebPage","@id":"https:\/\/vitalij.michno.lt\/pl\/uslugi\/uslugi-dla-witryn-wordpress\/optymalizacja-szybkosci-ladowania-strony\/","url":"https:\/\/vitalij.michno.lt\/pl\/uslugi\/uslugi-dla-witryn-wordpress\/optymalizacja-szybkosci-ladowania-strony\/","name":"Optymalizacja szybko\u015bci \u0142adowania strony &#8212; Wordpress internetini\u0173 svetaini\u0173 k\u016brimas - Vitalij Michno","isPartOf":{"@id":"https:\/\/vitalij.michno.lt\/#website"},"datePublished":"2022-06-15T06:34:29+00:00","dateModified":"2022-10-03T14:17:37+00:00","breadcrumb":{"@id":"https:\/\/vitalij.michno.lt\/pl\/uslugi\/uslugi-dla-witryn-wordpress\/optymalizacja-szybkosci-ladowania-strony\/#breadcrumb"},"inLanguage":"pl-PL","potentialAction":[{"@type":"ReadAction","target":["https:\/\/vitalij.michno.lt\/pl\/uslugi\/uslugi-dla-witryn-wordpress\/optymalizacja-szybkosci-ladowania-strony\/"]}]},{"@type":"BreadcrumbList","@id":"https:\/\/vitalij.michno.lt\/pl\/uslugi\/uslugi-dla-witryn-wordpress\/optymalizacja-szybkosci-ladowania-strony\/#breadcrumb","itemListElement":[{"@type":"ListItem","position":1,"name":"Pagr.","item":"https:\/\/vitalij.michno.lt\/pl\/homepage-pl\/"},{"@type":"ListItem","position":2,"name":"Us\u0142ugi","item":"https:\/\/vitalij.michno.lt\/pl\/uslugi\/"},{"@type":"ListItem","position":3,"name":"Us\u0142ugi dla witryn WordPress","item":"https:\/\/vitalij.michno.lt\/pl\/uslugi\/uslugi-dla-witryn-wordpress\/"},{"@type":"ListItem","position":4,"name":"Optymalizacja szybko\u015bci \u0142adowania strony"}]},{"@type":"WebSite","@id":"https:\/\/vitalij.michno.lt\/#website","url":"https:\/\/vitalij.michno.lt\/","name":"Wordpress internetini\u0173 svetaini\u0173 k\u016brimas - Vitalij Michno","description":"","publisher":{"@id":"https:\/\/vitalij.michno.lt\/#\/schema\/person\/becd8c2db64cf3982d3ed011552c4daf"},"potentialAction":[{"@type":"SearchAction","target":{"@type":"EntryPoint","urlTemplate":"https:\/\/vitalij.michno.lt\/?s={search_term_string}"},"query-input":{"@type":"PropertyValueSpecification","valueRequired":true,"valueName":"search_term_string"}}],"inLanguage":"pl-PL"},{"@type":["Person","Organization"],"@id":"https:\/\/vitalij.michno.lt\/#\/schema\/person\/becd8c2db64cf3982d3ed011552c4daf","name":"Vitalij Michno","image":{"@type":"ImageObject","inLanguage":"pl-PL","@id":"https:\/\/vitalij.michno.lt\/#\/schema\/person\/image\/","url":"https:\/\/vitalij.michno.lt\/wp-content\/uploads\/2022\/06\/me.jpg","contentUrl":"https:\/\/vitalij.michno.lt\/wp-content\/uploads\/2022\/06\/me.jpg","width":640,"height":800,"caption":"Vitalij Michno"},"logo":{"@id":"https:\/\/vitalij.michno.lt\/#\/schema\/person\/image\/"},"sameAs":["https:\/\/vitalij.michno.lt"],"url":"https:\/\/vitalij.michno.lt\/pl\/author\/adminus123\/"}]}},"_links":{"self":[{"href":"https:\/\/vitalij.michno.lt\/pl\/wp-json\/wp\/v2\/pages\/2721","targetHints":{"allow":["GET"]}}],"collection":[{"href":"https:\/\/vitalij.michno.lt\/pl\/wp-json\/wp\/v2\/pages"}],"about":[{"href":"https:\/\/vitalij.michno.lt\/pl\/wp-json\/wp\/v2\/types\/page"}],"author":[{"embeddable":true,"href":"https:\/\/vitalij.michno.lt\/pl\/wp-json\/wp\/v2\/users\/1"}],"replies":[{"embeddable":true,"href":"https:\/\/vitalij.michno.lt\/pl\/wp-json\/wp\/v2\/comments?post=2721"}],"version-history":[{"count":1,"href":"https:\/\/vitalij.michno.lt\/pl\/wp-json\/wp\/v2\/pages\/2721\/revisions"}],"predecessor-version":[{"id":2722,"href":"https:\/\/vitalij.michno.lt\/pl\/wp-json\/wp\/v2\/pages\/2721\/revisions\/2722"}],"up":[{"embeddable":true,"href":"https:\/\/vitalij.michno.lt\/pl\/wp-json\/wp\/v2\/pages\/2715"}],"wp:attachment":[{"href":"https:\/\/vitalij.michno.lt\/pl\/wp-json\/wp\/v2\/media?parent=2721"}],"curies":[{"name":"wp","href":"https:\/\/api.w.org\/{rel}","templated":true}]}}