{"id":2653,"date":"2022-06-14T14:26:29","date_gmt":"2022-06-14T14:26:29","guid":{"rendered":"https:\/\/vitalij.michno.lt\/%d1%83%d1%81%d0%bb%d1%83%d0%b3%d0%b8\/%d1%80%d0%b0%d0%b7%d1%80%d0%b0%d0%b1%d0%be%d1%82%d0%ba%d0%b0-%d0%b2%d0%b5%d0%b1-%d1%81%d0%b0%d0%b9%d1%82%d0%be%d0%b2\/"},"modified":"2022-10-01T07:21:11","modified_gmt":"2022-10-01T07:21:11","slug":"%d1%80%d0%b0%d0%b7%d1%80%d0%b0%d0%b1%d0%be%d1%82%d0%ba%d0%b0-%d0%b2%d0%b5%d0%b1-%d1%81%d0%b0%d0%b9%d1%82%d0%be%d0%b2","status":"publish","type":"page","link":"https:\/\/vitalij.michno.lt\/ru\/%d1%83%d1%81%d0%bb%d1%83%d0%b3%d0%b8\/%d1%80%d0%b0%d0%b7%d1%80%d0%b0%d0%b1%d0%be%d1%82%d0%ba%d0%b0-%d0%b2%d0%b5%d0%b1-%d1%81%d0%b0%d0%b9%d1%82%d0%be%d0%b2\/","title":{"rendered":"\u0420\u0430\u0437\u0440\u0430\u0431\u043e\u0442\u043a\u0430 \u0432\u0435\u0431-\u0441\u0430\u0439\u0442\u043e\u0432"},"content":{"rendered":"\t\t<div data-elementor-type=\"wp-page\" data-elementor-id=\"2653\" class=\"elementor elementor-2653 elementor-1013\" data-elementor-post-type=\"page\">\n\t\t\t\t\t\t<section class=\"elementor-section elementor-top-section elementor-element elementor-element-841dced elementor-section-boxed elementor-section-height-default elementor-section-height-default\" data-id=\"841dced\" data-element_type=\"section\" data-settings=\"{&quot;jet_parallax_layout_list&quot;:[]}\">\n\t\t\t\t\t\t<div class=\"elementor-container elementor-column-gap-default\">\n\t\t\t\t\t<div class=\"elementor-column elementor-col-100 elementor-top-column elementor-element elementor-element-22ee2d1\" data-id=\"22ee2d1\" data-element_type=\"column\">\n\t\t\t<div class=\"elementor-widget-wrap\">\n\t\t\t\t\t\t\t<\/div>\n\t\t<\/div>\n\t\t\t\t\t<\/div>\n\t\t<\/section>\n\t\t\t\t<section class=\"elementor-section elementor-top-section elementor-element elementor-element-70644252 elementor-section-boxed elementor-section-height-default elementor-section-height-default\" data-id=\"70644252\" data-element_type=\"section\" data-settings=\"{&quot;jet_parallax_layout_list&quot;:[]}\">\n\t\t\t\t\t\t<div class=\"elementor-container elementor-column-gap-default\">\n\t\t\t\t\t<div class=\"elementor-column elementor-col-100 elementor-top-column elementor-element elementor-element-1224ed8d\" data-id=\"1224ed8d\" data-element_type=\"column\">\n\t\t\t<div class=\"elementor-widget-wrap elementor-element-populated\">\n\t\t\t\t\t\t<div class=\"elementor-element elementor-element-2f9d01f4 elementor-widget elementor-widget-heading\" data-id=\"2f9d01f4\" data-element_type=\"widget\" data-widget_type=\"heading.default\">\n\t\t\t\t<div class=\"elementor-widget-container\">\n\t\t\t\t\t<h1 class=\"elementor-heading-title elementor-size-default\">\u0420\u0430\u0437\u0440\u0430\u0431\u043e\u0442\u043a\u0430 \u0432\u0435\u0431-\u0441\u0430\u0439\u0442\u043e\u0432<\/h1>\t\t\t\t<\/div>\n\t\t\t\t<\/div>\n\t\t\t\t<div class=\"elementor-element elementor-element-59c449b3 elementor-widget elementor-widget-jet-posts\" data-id=\"59c449b3\" data-element_type=\"widget\" data-settings=\"{&quot;columns&quot;:&quot;2&quot;,&quot;columns_mobile&quot;:&quot;1&quot;,&quot;slides_to_scroll&quot;:&quot;1&quot;}\" data-widget_type=\"jet-posts.default\">\n\t\t\t\t<div class=\"elementor-widget-container\">\n\t\t\t\t\t<div class=\"elementor-jet-posts jet-elements\"><div class=\"jet-posts col-row  jet-equal-cols\"><div class=\"jet-posts__item\">\n\t<div class=\"jet-posts__inner-box\"><div class=\"jet-posts__inner-content\"><h4 class=\"entry-title\"><a href=\"https:\/\/vitalij.michno.lt\/ru\/%d1%83%d1%81%d0%bb%d1%83%d0%b3%d0%b8\/%d1%80%d0%b0%d0%b7%d1%80%d0%b0%d0%b1%d0%be%d1%82%d0%ba%d0%b0-%d0%b2%d0%b5%d0%b1-%d1%81%d0%b0%d0%b9%d1%82%d0%be%d0%b2\/landing-page-sozdanie\/\" target=\"\">\u0421\u043e\u0437\u0434\u0430\u043d\u0438\u0435 \u043b\u0435\u043d\u0434\u0438\u043d\u0433 \u043f\u0435\u0439\u0434\u0436<\/a><\/h4><div class=\"post-meta\"><\/div><\/div><\/div>\n<\/div>\n<div class=\"jet-posts__item\">\n\t<div class=\"jet-posts__inner-box\"><div class=\"jet-posts__inner-content\"><h4 class=\"entry-title\"><a href=\"https:\/\/vitalij.michno.lt\/ru\/%d1%83%d1%81%d0%bb%d1%83%d0%b3%d0%b8\/%d1%80%d0%b0%d0%b7%d1%80%d0%b0%d0%b1%d0%be%d1%82%d0%ba%d0%b0-%d0%b2%d0%b5%d0%b1-%d1%81%d0%b0%d0%b9%d1%82%d0%be%d0%b2\/%d1%81%d0%be%d0%b7%d0%b4%d0%b0%d0%bd%d0%b8%d0%b5-%d0%b8%d0%bd%d1%82%d0%b5%d1%80%d0%bd%d0%b5%d1%82-%d0%bc%d0%b0%d0%b3%d0%b0%d0%b7%d0%b8%d0%bd%d0%b0\/\" target=\"\">\u0421\u043e\u0437\u0434\u0430\u043d\u0438\u0435 \u0438\u043d\u0442\u0435\u0440\u043d\u0435\u0442-\u043c\u0430\u0433\u0430\u0437\u0438\u043d\u0430<\/a><\/h4><div class=\"post-meta\"><\/div><\/div><\/div>\n<\/div>\n<div class=\"jet-posts__item\">\n\t<div class=\"jet-posts__inner-box\"><div class=\"jet-posts__inner-content\"><h4 class=\"entry-title\"><a href=\"https:\/\/vitalij.michno.lt\/ru\/%d1%83%d1%81%d0%bb%d1%83%d0%b3%d0%b8\/%d1%80%d0%b0%d0%b7%d1%80%d0%b0%d0%b1%d0%be%d1%82%d0%ba%d0%b0-%d0%b2%d0%b5%d0%b1-%d1%81%d0%b0%d0%b9%d1%82%d0%be%d0%b2\/%d1%81%d0%be%d0%b7%d0%b4%d0%b0%d0%bd%d0%b8%d0%b5-%d0%b8%d0%bd%d0%b4%d0%b8%d0%b2%d0%b8%d0%b4%d1%83%d0%b0%d0%bb%d1%8c%d0%bd%d0%be%d0%b3%d0%be-%d1%83%d0%bd%d0%b8%d0%ba%d0%b0%d0%bb%d1%8c%d0%bd%d0%be\/\" target=\"\">\u0421\u043e\u0437\u0434\u0430\u043d\u0438\u0435 \u0438\u043d\u0434\u0438\u0432\u0438\u0434\u0443\u0430\u043b\u044c\u043d\u043e\u0433\u043e \/ \u0443\u043d\u0438\u043a\u0430\u043b\u044c\u043d\u043e\u0433\u043e \u0432\u0435\u0431-\u0441\u0430\u0439\u0442\u0430<\/a><\/h4><div class=\"post-meta\"><\/div><\/div><\/div>\n<\/div>\n<div class=\"jet-posts__item\">\n\t<div class=\"jet-posts__inner-box\"><div class=\"jet-posts__inner-content\"><h4 class=\"entry-title\"><a href=\"https:\/\/vitalij.michno.lt\/ru\/%d1%83%d1%81%d0%bb%d1%83%d0%b3%d0%b8\/%d1%80%d0%b0%d0%b7%d1%80%d0%b0%d0%b1%d0%be%d1%82%d0%ba%d0%b0-%d0%b2%d0%b5%d0%b1-%d1%81%d0%b0%d0%b9%d1%82%d0%be%d0%b2\/%d1%81%d0%be%d0%b7%d0%b4%d0%b0%d0%bd%d0%b8%d0%b5-%d0%b2%d0%b5%d0%b1-%d1%81%d0%b0%d0%b9%d1%82%d0%b0-%d0%b4%d0%bb%d1%8f-%d0%b1%d0%b8%d0%b7%d0%bd%d0%b5%d1%81%d0%b0-%d0%ba%d0%be%d0%bc%d0%bf%d0%b0%d0%bd\/\" target=\"\">\u0421\u043e\u0437\u0434\u0430\u043d\u0438\u0435 \u0432\u0435\u0431-\u0441\u0430\u0439\u0442\u0430 \u0434\u043b\u044f \u0431\u0438\u0437\u043d\u0435\u0441\u0430 \/ \u043a\u043e\u043c\u043f\u0430\u043d\u0438\u0438\/ \u0438\u043d\u0434\u0438\u0432\u0438\u0434\u0443\u0430\u043b\u044c\u043d\u043e\u0439 \u0434\u0435\u044f\u0442\u0435\u043b\u044c\u043d\u043e\u0441\u0442\u0438 \/ \u0441\u0430\u0439\u0442\u0430-\u043f\u043e\u0440\u0442\u0444\u043e\u043b\u0438\u043e \/ \u0441\u0430\u0439\u0442\u0430-\u0432\u0438\u0437\u0438\u0442\u043a\u0430<\/a><\/h4><div class=\"post-meta\"><\/div><\/div><\/div>\n<\/div>\n<\/div>\n<\/div>\t\t\t\t<\/div>\n\t\t\t\t<\/div>\n\t\t\t\t\t<\/div>\n\t\t<\/div>\n\t\t\t\t\t<\/div>\n\t\t<\/section>\n\t\t\t\t<\/div>\n\t\t","protected":false},"excerpt":{"rendered":"<p>Verslui \/ \u012fmonei \/ individualiai veiklai \/ portfolio \/ vizitin\u0117s svetain\u0117s suk\u016brimas Landing page k\u016brimas Individualios \/ unikalios svetain\u0117s k\u016brimas Elektronin\u0117s parduotuv\u0117s k\u016brimas<\/p>\n","protected":false},"author":1,"featured_media":0,"parent":2649,"menu_order":0,"comment_status":"closed","ping_status":"closed","template":"","meta":{"site-sidebar-layout":"no-sidebar","site-content-layout":"page-builder","ast-site-content-layout":"","site-content-style":"default","site-sidebar-style":"default","ast-global-header-display":"","ast-banner-title-visibility":"","ast-main-header-display":"","ast-hfb-above-header-display":"","ast-hfb-below-header-display":"","ast-hfb-mobile-header-display":"","site-post-title":"disabled","ast-breadcrumbs-content":"","ast-featured-img":"disabled","footer-sml-layout":"","theme-transparent-header-meta":"","adv-header-id-meta":"","stick-header-meta":"","header-above-stick-meta":"","header-main-stick-meta":"","header-below-stick-meta":"","astra-migrate-meta-layouts":"default","ast-page-background-enabled":"default","ast-page-background-meta":{"desktop":{"background-color":"","background-image":"","background-repeat":"repeat","background-position":"center center","background-size":"auto","background-attachment":"scroll","background-type":"","background-media":"","overlay-type":"","overlay-color":"","overlay-gradient":""},"tablet":{"background-color":"","background-image":"","background-repeat":"repeat","background-position":"center center","background-size":"auto","background-attachment":"scroll","background-type":"","background-media":"","overlay-type":"","overlay-color":"","overlay-gradient":""},"mobile":{"background-color":"","background-image":"","background-repeat":"repeat","background-position":"center center","background-size":"auto","background-attachment":"scroll","background-type":"","background-media":"","overlay-type":"","overlay-color":"","overlay-gradient":""}},"ast-content-background-meta":{"desktop":{"background-color":"var(--ast-global-color-5)","background-image":"","background-repeat":"repeat","background-position":"center center","background-size":"auto","background-attachment":"scroll","background-type":"","background-media":"","overlay-type":"","overlay-color":"","overlay-gradient":""},"tablet":{"background-color":"var(--ast-global-color-5)","background-image":"","background-repeat":"repeat","background-position":"center center","background-size":"auto","background-attachment":"scroll","background-type":"","background-media":"","overlay-type":"","overlay-color":"","overlay-gradient":""},"mobile":{"background-color":"var(--ast-global-color-5)","background-image":"","background-repeat":"repeat","background-position":"center center","background-size":"auto","background-attachment":"scroll","background-type":"","background-media":"","overlay-type":"","overlay-color":"","overlay-gradient":""}},"footnotes":""},"class_list":["post-2653","page","type-page","status-publish","hentry"],"yoast_head":"<!-- This site is optimized with the Yoast SEO plugin v24.2 - https:\/\/yoast.com\/wordpress\/plugins\/seo\/ -->\n<title>\u0420\u0430\u0437\u0440\u0430\u0431\u043e\u0442\u043a\u0430 \u0432\u0435\u0431-\u0441\u0430\u0439\u0442\u043e\u0432 &#8212; Wordpress internetini\u0173 svetaini\u0173 k\u016brimas - Vitalij Michno<\/title>\n<meta name=\"robots\" content=\"index, follow, max-snippet:-1, max-image-preview:large, max-video-preview:-1\" \/>\n<link rel=\"canonical\" href=\"https:\/\/vitalij.michno.lt\/ru\/\u0443\u0441\u043b\u0443\u0433\u0438\/\u0440\u0430\u0437\u0440\u0430\u0431\u043e\u0442\u043a\u0430-\u0432\u0435\u0431-\u0441\u0430\u0439\u0442\u043e\u0432\/\" \/>\n<meta property=\"og:locale\" content=\"ru_RU\" \/>\n<meta property=\"og:type\" content=\"article\" \/>\n<meta property=\"og:title\" content=\"\u0420\u0430\u0437\u0440\u0430\u0431\u043e\u0442\u043a\u0430 \u0432\u0435\u0431-\u0441\u0430\u0439\u0442\u043e\u0432 &#8212; Wordpress internetini\u0173 svetaini\u0173 k\u016brimas - Vitalij Michno\" \/>\n<meta property=\"og:description\" content=\"Verslui \/ \u012fmonei \/ individualiai veiklai \/ portfolio \/ vizitin\u0117s svetain\u0117s suk\u016brimas Landing page k\u016brimas Individualios \/ unikalios svetain\u0117s k\u016brimas Elektronin\u0117s parduotuv\u0117s k\u016brimas\" \/>\n<meta property=\"og:url\" content=\"https:\/\/vitalij.michno.lt\/ru\/\u0443\u0441\u043b\u0443\u0433\u0438\/\u0440\u0430\u0437\u0440\u0430\u0431\u043e\u0442\u043a\u0430-\u0432\u0435\u0431-\u0441\u0430\u0439\u0442\u043e\u0432\/\" \/>\n<meta property=\"og:site_name\" content=\"Wordpress internetini\u0173 svetaini\u0173 k\u016brimas - Vitalij Michno\" \/>\n<meta property=\"article:modified_time\" content=\"2022-10-01T07:21:11+00:00\" \/>\n<meta property=\"og:image\" content=\"https:\/\/vitalij.michno.lt\/wp-content\/uploads\/2022\/06\/VM.png\" \/>\n\t<meta property=\"og:image:width\" content=\"500\" \/>\n\t<meta property=\"og:image:height\" content=\"500\" \/>\n\t<meta property=\"og:image:type\" content=\"image\/png\" \/>\n<meta name=\"twitter:card\" content=\"summary_large_image\" \/>\n<script type=\"application\/ld+json\" class=\"yoast-schema-graph\">{\"@context\":\"https:\/\/schema.org\",\"@graph\":[{\"@type\":\"Article\",\"@id\":\"https:\/\/vitalij.michno.lt\/ru\/%d1%83%d1%81%d0%bb%d1%83%d0%b3%d0%b8\/%d1%80%d0%b0%d0%b7%d1%80%d0%b0%d0%b1%d0%be%d1%82%d0%ba%d0%b0-%d0%b2%d0%b5%d0%b1-%d1%81%d0%b0%d0%b9%d1%82%d0%be%d0%b2\/#article\",\"isPartOf\":{\"@id\":\"https:\/\/vitalij.michno.lt\/ru\/%d1%83%d1%81%d0%bb%d1%83%d0%b3%d0%b8\/%d1%80%d0%b0%d0%b7%d1%80%d0%b0%d0%b1%d0%be%d1%82%d0%ba%d0%b0-%d0%b2%d0%b5%d0%b1-%d1%81%d0%b0%d0%b9%d1%82%d0%be%d0%b2\/\"},\"author\":{\"name\":\"Vitalij Michno\",\"@id\":\"https:\/\/vitalij.michno.lt\/#\/schema\/person\/becd8c2db64cf3982d3ed011552c4daf\"},\"headline\":\"\u0420\u0430\u0437\u0440\u0430\u0431\u043e\u0442\u043a\u0430 \u0432\u0435\u0431-\u0441\u0430\u0439\u0442\u043e\u0432\",\"datePublished\":\"2022-06-14T14:26:29+00:00\",\"dateModified\":\"2022-10-01T07:21:11+00:00\",\"mainEntityOfPage\":{\"@id\":\"https:\/\/vitalij.michno.lt\/ru\/%d1%83%d1%81%d0%bb%d1%83%d0%b3%d0%b8\/%d1%80%d0%b0%d0%b7%d1%80%d0%b0%d0%b1%d0%be%d1%82%d0%ba%d0%b0-%d0%b2%d0%b5%d0%b1-%d1%81%d0%b0%d0%b9%d1%82%d0%be%d0%b2\/\"},\"wordCount\":29,\"publisher\":{\"@id\":\"https:\/\/vitalij.michno.lt\/#\/schema\/person\/becd8c2db64cf3982d3ed011552c4daf\"},\"inLanguage\":\"ru-RU\"},{\"@type\":\"WebPage\",\"@id\":\"https:\/\/vitalij.michno.lt\/ru\/%d1%83%d1%81%d0%bb%d1%83%d0%b3%d0%b8\/%d1%80%d0%b0%d0%b7%d1%80%d0%b0%d0%b1%d0%be%d1%82%d0%ba%d0%b0-%d0%b2%d0%b5%d0%b1-%d1%81%d0%b0%d0%b9%d1%82%d0%be%d0%b2\/\",\"url\":\"https:\/\/vitalij.michno.lt\/ru\/%d1%83%d1%81%d0%bb%d1%83%d0%b3%d0%b8\/%d1%80%d0%b0%d0%b7%d1%80%d0%b0%d0%b1%d0%be%d1%82%d0%ba%d0%b0-%d0%b2%d0%b5%d0%b1-%d1%81%d0%b0%d0%b9%d1%82%d0%be%d0%b2\/\",\"name\":\"\u0420\u0430\u0437\u0440\u0430\u0431\u043e\u0442\u043a\u0430 \u0432\u0435\u0431-\u0441\u0430\u0439\u0442\u043e\u0432 &#8212; Wordpress internetini\u0173 svetaini\u0173 k\u016brimas - Vitalij Michno\",\"isPartOf\":{\"@id\":\"https:\/\/vitalij.michno.lt\/#website\"},\"datePublished\":\"2022-06-14T14:26:29+00:00\",\"dateModified\":\"2022-10-01T07:21:11+00:00\",\"breadcrumb\":{\"@id\":\"https:\/\/vitalij.michno.lt\/ru\/%d1%83%d1%81%d0%bb%d1%83%d0%b3%d0%b8\/%d1%80%d0%b0%d0%b7%d1%80%d0%b0%d0%b1%d0%be%d1%82%d0%ba%d0%b0-%d0%b2%d0%b5%d0%b1-%d1%81%d0%b0%d0%b9%d1%82%d0%be%d0%b2\/#breadcrumb\"},\"inLanguage\":\"ru-RU\",\"potentialAction\":[{\"@type\":\"ReadAction\",\"target\":[\"https:\/\/vitalij.michno.lt\/ru\/%d1%83%d1%81%d0%bb%d1%83%d0%b3%d0%b8\/%d1%80%d0%b0%d0%b7%d1%80%d0%b0%d0%b1%d0%be%d1%82%d0%ba%d0%b0-%d0%b2%d0%b5%d0%b1-%d1%81%d0%b0%d0%b9%d1%82%d0%be%d0%b2\/\"]}]},{\"@type\":\"BreadcrumbList\",\"@id\":\"https:\/\/vitalij.michno.lt\/ru\/%d1%83%d1%81%d0%bb%d1%83%d0%b3%d0%b8\/%d1%80%d0%b0%d0%b7%d1%80%d0%b0%d0%b1%d0%be%d1%82%d0%ba%d0%b0-%d0%b2%d0%b5%d0%b1-%d1%81%d0%b0%d0%b9%d1%82%d0%be%d0%b2\/#breadcrumb\",\"itemListElement\":[{\"@type\":\"ListItem\",\"position\":1,\"name\":\"Pagr.\",\"item\":\"https:\/\/vitalij.michno.lt\/ru\/homepage-ru\/\"},{\"@type\":\"ListItem\",\"position\":2,\"name\":\"\u0423\u0441\u043b\u0443\u0433\u0438\",\"item\":\"https:\/\/vitalij.michno.lt\/ru\/%d1%83%d1%81%d0%bb%d1%83%d0%b3%d0%b8\/\"},{\"@type\":\"ListItem\",\"position\":3,\"name\":\"\u0420\u0430\u0437\u0440\u0430\u0431\u043e\u0442\u043a\u0430 \u0432\u0435\u0431-\u0441\u0430\u0439\u0442\u043e\u0432\"}]},{\"@type\":\"WebSite\",\"@id\":\"https:\/\/vitalij.michno.lt\/#website\",\"url\":\"https:\/\/vitalij.michno.lt\/\",\"name\":\"Wordpress internetini\u0173 svetaini\u0173 k\u016brimas - Vitalij Michno\",\"description\":\"\",\"publisher\":{\"@id\":\"https:\/\/vitalij.michno.lt\/#\/schema\/person\/becd8c2db64cf3982d3ed011552c4daf\"},\"potentialAction\":[{\"@type\":\"SearchAction\",\"target\":{\"@type\":\"EntryPoint\",\"urlTemplate\":\"https:\/\/vitalij.michno.lt\/?s={search_term_string}\"},\"query-input\":{\"@type\":\"PropertyValueSpecification\",\"valueRequired\":true,\"valueName\":\"search_term_string\"}}],\"inLanguage\":\"ru-RU\"},{\"@type\":[\"Person\",\"Organization\"],\"@id\":\"https:\/\/vitalij.michno.lt\/#\/schema\/person\/becd8c2db64cf3982d3ed011552c4daf\",\"name\":\"Vitalij Michno\",\"image\":{\"@type\":\"ImageObject\",\"inLanguage\":\"ru-RU\",\"@id\":\"https:\/\/vitalij.michno.lt\/#\/schema\/person\/image\/\",\"url\":\"https:\/\/vitalij.michno.lt\/wp-content\/uploads\/2022\/06\/me.jpg\",\"contentUrl\":\"https:\/\/vitalij.michno.lt\/wp-content\/uploads\/2022\/06\/me.jpg\",\"width\":640,\"height\":800,\"caption\":\"Vitalij Michno\"},\"logo\":{\"@id\":\"https:\/\/vitalij.michno.lt\/#\/schema\/person\/image\/\"},\"sameAs\":[\"https:\/\/vitalij.michno.lt\"],\"url\":\"https:\/\/vitalij.michno.lt\/ru\/author\/adminus123\/\"}]}<\/script>\n<!-- \/ Yoast SEO plugin. -->","yoast_head_json":{"title":"\u0420\u0430\u0437\u0440\u0430\u0431\u043e\u0442\u043a\u0430 \u0432\u0435\u0431-\u0441\u0430\u0439\u0442\u043e\u0432 &#8212; Wordpress internetini\u0173 svetaini\u0173 k\u016brimas - Vitalij Michno","robots":{"index":"index","follow":"follow","max-snippet":"max-snippet:-1","max-image-preview":"max-image-preview:large","max-video-preview":"max-video-preview:-1"},"canonical":"https:\/\/vitalij.michno.lt\/ru\/\u0443\u0441\u043b\u0443\u0433\u0438\/\u0440\u0430\u0437\u0440\u0430\u0431\u043e\u0442\u043a\u0430-\u0432\u0435\u0431-\u0441\u0430\u0439\u0442\u043e\u0432\/","og_locale":"ru_RU","og_type":"article","og_title":"\u0420\u0430\u0437\u0440\u0430\u0431\u043e\u0442\u043a\u0430 \u0432\u0435\u0431-\u0441\u0430\u0439\u0442\u043e\u0432 &#8212; Wordpress internetini\u0173 svetaini\u0173 k\u016brimas - Vitalij Michno","og_description":"Verslui \/ \u012fmonei \/ individualiai veiklai \/ portfolio \/ vizitin\u0117s svetain\u0117s suk\u016brimas Landing page k\u016brimas Individualios \/ unikalios svetain\u0117s k\u016brimas Elektronin\u0117s parduotuv\u0117s k\u016brimas","og_url":"https:\/\/vitalij.michno.lt\/ru\/\u0443\u0441\u043b\u0443\u0433\u0438\/\u0440\u0430\u0437\u0440\u0430\u0431\u043e\u0442\u043a\u0430-\u0432\u0435\u0431-\u0441\u0430\u0439\u0442\u043e\u0432\/","og_site_name":"Wordpress internetini\u0173 svetaini\u0173 k\u016brimas - Vitalij Michno","article_modified_time":"2022-10-01T07:21:11+00:00","og_image":[{"width":500,"height":500,"url":"https:\/\/vitalij.michno.lt\/wp-content\/uploads\/2022\/06\/VM.png","type":"image\/png"}],"twitter_card":"summary_large_image","schema":{"@context":"https:\/\/schema.org","@graph":[{"@type":"Article","@id":"https:\/\/vitalij.michno.lt\/ru\/%d1%83%d1%81%d0%bb%d1%83%d0%b3%d0%b8\/%d1%80%d0%b0%d0%b7%d1%80%d0%b0%d0%b1%d0%be%d1%82%d0%ba%d0%b0-%d0%b2%d0%b5%d0%b1-%d1%81%d0%b0%d0%b9%d1%82%d0%be%d0%b2\/#article","isPartOf":{"@id":"https:\/\/vitalij.michno.lt\/ru\/%d1%83%d1%81%d0%bb%d1%83%d0%b3%d0%b8\/%d1%80%d0%b0%d0%b7%d1%80%d0%b0%d0%b1%d0%be%d1%82%d0%ba%d0%b0-%d0%b2%d0%b5%d0%b1-%d1%81%d0%b0%d0%b9%d1%82%d0%be%d0%b2\/"},"author":{"name":"Vitalij Michno","@id":"https:\/\/vitalij.michno.lt\/#\/schema\/person\/becd8c2db64cf3982d3ed011552c4daf"},"headline":"\u0420\u0430\u0437\u0440\u0430\u0431\u043e\u0442\u043a\u0430 \u0432\u0435\u0431-\u0441\u0430\u0439\u0442\u043e\u0432","datePublished":"2022-06-14T14:26:29+00:00","dateModified":"2022-10-01T07:21:11+00:00","mainEntityOfPage":{"@id":"https:\/\/vitalij.michno.lt\/ru\/%d1%83%d1%81%d0%bb%d1%83%d0%b3%d0%b8\/%d1%80%d0%b0%d0%b7%d1%80%d0%b0%d0%b1%d0%be%d1%82%d0%ba%d0%b0-%d0%b2%d0%b5%d0%b1-%d1%81%d0%b0%d0%b9%d1%82%d0%be%d0%b2\/"},"wordCount":29,"publisher":{"@id":"https:\/\/vitalij.michno.lt\/#\/schema\/person\/becd8c2db64cf3982d3ed011552c4daf"},"inLanguage":"ru-RU"},{"@type":"WebPage","@id":"https:\/\/vitalij.michno.lt\/ru\/%d1%83%d1%81%d0%bb%d1%83%d0%b3%d0%b8\/%d1%80%d0%b0%d0%b7%d1%80%d0%b0%d0%b1%d0%be%d1%82%d0%ba%d0%b0-%d0%b2%d0%b5%d0%b1-%d1%81%d0%b0%d0%b9%d1%82%d0%be%d0%b2\/","url":"https:\/\/vitalij.michno.lt\/ru\/%d1%83%d1%81%d0%bb%d1%83%d0%b3%d0%b8\/%d1%80%d0%b0%d0%b7%d1%80%d0%b0%d0%b1%d0%be%d1%82%d0%ba%d0%b0-%d0%b2%d0%b5%d0%b1-%d1%81%d0%b0%d0%b9%d1%82%d0%be%d0%b2\/","name":"\u0420\u0430\u0437\u0440\u0430\u0431\u043e\u0442\u043a\u0430 \u0432\u0435\u0431-\u0441\u0430\u0439\u0442\u043e\u0432 &#8212; Wordpress internetini\u0173 svetaini\u0173 k\u016brimas - Vitalij Michno","isPartOf":{"@id":"https:\/\/vitalij.michno.lt\/#website"},"datePublished":"2022-06-14T14:26:29+00:00","dateModified":"2022-10-01T07:21:11+00:00","breadcrumb":{"@id":"https:\/\/vitalij.michno.lt\/ru\/%d1%83%d1%81%d0%bb%d1%83%d0%b3%d0%b8\/%d1%80%d0%b0%d0%b7%d1%80%d0%b0%d0%b1%d0%be%d1%82%d0%ba%d0%b0-%d0%b2%d0%b5%d0%b1-%d1%81%d0%b0%d0%b9%d1%82%d0%be%d0%b2\/#breadcrumb"},"inLanguage":"ru-RU","potentialAction":[{"@type":"ReadAction","target":["https:\/\/vitalij.michno.lt\/ru\/%d1%83%d1%81%d0%bb%d1%83%d0%b3%d0%b8\/%d1%80%d0%b0%d0%b7%d1%80%d0%b0%d0%b1%d0%be%d1%82%d0%ba%d0%b0-%d0%b2%d0%b5%d0%b1-%d1%81%d0%b0%d0%b9%d1%82%d0%be%d0%b2\/"]}]},{"@type":"BreadcrumbList","@id":"https:\/\/vitalij.michno.lt\/ru\/%d1%83%d1%81%d0%bb%d1%83%d0%b3%d0%b8\/%d1%80%d0%b0%d0%b7%d1%80%d0%b0%d0%b1%d0%be%d1%82%d0%ba%d0%b0-%d0%b2%d0%b5%d0%b1-%d1%81%d0%b0%d0%b9%d1%82%d0%be%d0%b2\/#breadcrumb","itemListElement":[{"@type":"ListItem","position":1,"name":"Pagr.","item":"https:\/\/vitalij.michno.lt\/ru\/homepage-ru\/"},{"@type":"ListItem","position":2,"name":"\u0423\u0441\u043b\u0443\u0433\u0438","item":"https:\/\/vitalij.michno.lt\/ru\/%d1%83%d1%81%d0%bb%d1%83%d0%b3%d0%b8\/"},{"@type":"ListItem","position":3,"name":"\u0420\u0430\u0437\u0440\u0430\u0431\u043e\u0442\u043a\u0430 \u0432\u0435\u0431-\u0441\u0430\u0439\u0442\u043e\u0432"}]},{"@type":"WebSite","@id":"https:\/\/vitalij.michno.lt\/#website","url":"https:\/\/vitalij.michno.lt\/","name":"Wordpress internetini\u0173 svetaini\u0173 k\u016brimas - Vitalij Michno","description":"","publisher":{"@id":"https:\/\/vitalij.michno.lt\/#\/schema\/person\/becd8c2db64cf3982d3ed011552c4daf"},"potentialAction":[{"@type":"SearchAction","target":{"@type":"EntryPoint","urlTemplate":"https:\/\/vitalij.michno.lt\/?s={search_term_string}"},"query-input":{"@type":"PropertyValueSpecification","valueRequired":true,"valueName":"search_term_string"}}],"inLanguage":"ru-RU"},{"@type":["Person","Organization"],"@id":"https:\/\/vitalij.michno.lt\/#\/schema\/person\/becd8c2db64cf3982d3ed011552c4daf","name":"Vitalij Michno","image":{"@type":"ImageObject","inLanguage":"ru-RU","@id":"https:\/\/vitalij.michno.lt\/#\/schema\/person\/image\/","url":"https:\/\/vitalij.michno.lt\/wp-content\/uploads\/2022\/06\/me.jpg","contentUrl":"https:\/\/vitalij.michno.lt\/wp-content\/uploads\/2022\/06\/me.jpg","width":640,"height":800,"caption":"Vitalij Michno"},"logo":{"@id":"https:\/\/vitalij.michno.lt\/#\/schema\/person\/image\/"},"sameAs":["https:\/\/vitalij.michno.lt"],"url":"https:\/\/vitalij.michno.lt\/ru\/author\/adminus123\/"}]}},"_links":{"self":[{"href":"https:\/\/vitalij.michno.lt\/ru\/wp-json\/wp\/v2\/pages\/2653","targetHints":{"allow":["GET"]}}],"collection":[{"href":"https:\/\/vitalij.michno.lt\/ru\/wp-json\/wp\/v2\/pages"}],"about":[{"href":"https:\/\/vitalij.michno.lt\/ru\/wp-json\/wp\/v2\/types\/page"}],"author":[{"embeddable":true,"href":"https:\/\/vitalij.michno.lt\/ru\/wp-json\/wp\/v2\/users\/1"}],"replies":[{"embeddable":true,"href":"https:\/\/vitalij.michno.lt\/ru\/wp-json\/wp\/v2\/comments?post=2653"}],"version-history":[{"count":1,"href":"https:\/\/vitalij.michno.lt\/ru\/wp-json\/wp\/v2\/pages\/2653\/revisions"}],"predecessor-version":[{"id":2654,"href":"https:\/\/vitalij.michno.lt\/ru\/wp-json\/wp\/v2\/pages\/2653\/revisions\/2654"}],"up":[{"embeddable":true,"href":"https:\/\/vitalij.michno.lt\/ru\/wp-json\/wp\/v2\/pages\/2649"}],"wp:attachment":[{"href":"https:\/\/vitalij.michno.lt\/ru\/wp-json\/wp\/v2\/media?parent=2653"}],"curies":[{"name":"wp","href":"https:\/\/api.w.org\/{rel}","templated":true}]}}