{"id":2671,"date":"2022-06-15T10:56:23","date_gmt":"2022-06-15T10:56:23","guid":{"rendered":"https:\/\/vitalij.michno.lt\/%d1%83%d1%81%d0%bb%d1%83%d0%b3%d0%b8\/%d1%83%d1%81%d0%bb%d1%83%d0%b3%d0%b8-%d0%bf%d0%be-wordpress-%d1%81%d0%b0%d0%b9%d1%82%d0%b0%d0%bc\/"},"modified":"2022-10-01T07:43:44","modified_gmt":"2022-10-01T07:43:44","slug":"%d1%83%d1%81%d0%bb%d1%83%d0%b3%d0%b8-%d0%bf%d0%be-wordpress-%d1%81%d0%b0%d0%b9%d1%82%d0%b0%d0%bc","status":"publish","type":"page","link":"https:\/\/vitalij.michno.lt\/ru\/%d1%83%d1%81%d0%bb%d1%83%d0%b3%d0%b8\/%d1%83%d1%81%d0%bb%d1%83%d0%b3%d0%b8-%d0%bf%d0%be-wordpress-%d1%81%d0%b0%d0%b9%d1%82%d0%b0%d0%bc\/","title":{"rendered":"\u0423\u0441\u043b\u0443\u0433\u0438 \u043f\u043e WordPress \u0441\u0430\u0439\u0442\u0430\u043c"},"content":{"rendered":"\t\t<div data-elementor-type=\"wp-page\" data-elementor-id=\"2671\" class=\"elementor elementor-2671 elementor-1234\" data-elementor-post-type=\"page\">\n\t\t\t\t\t\t<section class=\"elementor-section elementor-top-section elementor-element elementor-element-c020138 elementor-section-boxed elementor-section-height-default elementor-section-height-default\" data-id=\"c020138\" data-element_type=\"section\" data-settings=\"{&quot;jet_parallax_layout_list&quot;:[]}\">\n\t\t\t\t\t\t<div class=\"elementor-container elementor-column-gap-default\">\n\t\t\t\t\t<div class=\"elementor-column elementor-col-100 elementor-top-column elementor-element elementor-element-ea7bfd1\" data-id=\"ea7bfd1\" data-element_type=\"column\">\n\t\t\t<div class=\"elementor-widget-wrap\">\n\t\t\t\t\t\t\t<\/div>\n\t\t<\/div>\n\t\t\t\t\t<\/div>\n\t\t<\/section>\n\t\t\t\t<section class=\"elementor-section elementor-top-section elementor-element elementor-element-5f93e698 elementor-section-boxed elementor-section-height-default elementor-section-height-default\" data-id=\"5f93e698\" data-element_type=\"section\" data-settings=\"{&quot;jet_parallax_layout_list&quot;:[]}\">\n\t\t\t\t\t\t<div class=\"elementor-container elementor-column-gap-default\">\n\t\t\t\t\t<div class=\"elementor-column elementor-col-100 elementor-top-column elementor-element elementor-element-15c7e25f\" data-id=\"15c7e25f\" data-element_type=\"column\">\n\t\t\t<div class=\"elementor-widget-wrap elementor-element-populated\">\n\t\t\t\t\t\t<div class=\"elementor-element elementor-element-389a4380 elementor-widget elementor-widget-heading\" data-id=\"389a4380\" data-element_type=\"widget\" data-widget_type=\"heading.default\">\n\t\t\t\t<div class=\"elementor-widget-container\">\n\t\t\t\t\t<h1 class=\"elementor-heading-title elementor-size-default\">\u0423\u0441\u043b\u0443\u0433\u0438 \u043f\u043e WordPress \u0441\u0430\u0439\u0442\u0430\u043c<\/h1>\t\t\t\t<\/div>\n\t\t\t\t<\/div>\n\t\t\t\t<div class=\"elementor-element elementor-element-995d97d elementor-widget elementor-widget-jet-posts\" data-id=\"995d97d\" data-element_type=\"widget\" data-settings=\"{&quot;columns&quot;:&quot;2&quot;,&quot;columns_mobile&quot;:&quot;1&quot;,&quot;slides_to_scroll&quot;:&quot;1&quot;}\" data-widget_type=\"jet-posts.default\">\n\t\t\t\t<div class=\"elementor-widget-container\">\n\t\t\t\t\t<div class=\"elementor-jet-posts jet-elements\"><div class=\"jet-posts col-row  jet-equal-cols\"><div class=\"jet-posts__item\">\n\t<div class=\"jet-posts__inner-box\"><div class=\"jet-posts__inner-content\"><h4 class=\"entry-title\"><a href=\"https:\/\/vitalij.michno.lt\/ru\/%d1%83%d1%81%d0%bb%d1%83%d0%b3%d0%b8\/%d1%83%d1%81%d0%bb%d1%83%d0%b3%d0%b8-%d0%bf%d0%be-wordpress-%d1%81%d0%b0%d0%b9%d1%82%d0%b0%d0%bc\/%d0%be%d0%bf%d1%82%d0%b8%d0%bc%d0%b8%d0%b7%d0%b0%d1%86%d0%b8%d1%8f-%d1%81%d0%ba%d0%be%d1%80%d0%be%d1%81%d1%82%d0%b8-%d0%b7%d0%b0%d0%b3%d1%80%d1%83%d0%b7%d0%ba%d0%b8-%d1%81%d0%b0%d0%b9%d1%82%d0%b0\/\" target=\"\">\u041e\u043f\u0442\u0438\u043c\u0438\u0437\u0430\u0446\u0438\u044f \u0441\u043a\u043e\u0440\u043e\u0441\u0442\u0438 \u0437\u0430\u0433\u0440\u0443\u0437\u043a\u0438 \u0441\u0430\u0439\u0442\u0430<\/a><\/h4><div class=\"post-meta\"><\/div><\/div><\/div>\n<\/div>\n<div class=\"jet-posts__item\">\n\t<div class=\"jet-posts__inner-box\"><div class=\"jet-posts__inner-content\"><h4 class=\"entry-title\"><a href=\"https:\/\/vitalij.michno.lt\/ru\/%d1%83%d1%81%d0%bb%d1%83%d0%b3%d0%b8\/%d1%83%d1%81%d0%bb%d1%83%d0%b3%d0%b8-%d0%bf%d0%be-wordpress-%d1%81%d0%b0%d0%b9%d1%82%d0%b0%d0%bc\/%d0%be%d0%b1%d1%81%d0%bb%d1%83%d0%b6%d0%b8%d0%b2%d0%b0%d0%bd%d0%b8%d0%b5-%d0%bf%d0%be%d0%b4%d0%b4%d0%b5%d1%80%d0%b6%d0%ba%d0%b0-%d1%81%d0%b0%d0%b9%d1%82%d0%b0-wordpress\/\" target=\"\">\u041e\u0431\u0441\u043b\u0443\u0436\u0438\u0432\u0430\u043d\u0438\u0435 \/ \u043f\u043e\u0434\u0434\u0435\u0440\u0436\u043a\u0430 \u0441\u0430\u0439\u0442\u0430 WordPress<\/a><\/h4><div class=\"post-meta\"><\/div><\/div><\/div>\n<\/div>\n<div class=\"jet-posts__item\">\n\t<div class=\"jet-posts__inner-box\"><div class=\"jet-posts__inner-content\"><h4 class=\"entry-title\"><a href=\"https:\/\/vitalij.michno.lt\/ru\/%d1%83%d1%81%d0%bb%d1%83%d0%b3%d0%b8\/%d1%83%d1%81%d0%bb%d1%83%d0%b3%d0%b8-%d0%bf%d0%be-wordpress-%d1%81%d0%b0%d0%b9%d1%82%d0%b0%d0%bc\/%d0%b7%d0%b0%d1%89%d0%b8%d1%82%d0%b0-%d0%be%d1%82-ddos-%d0%b0%d1%82%d0%b0%d0%ba\/\" target=\"\">\u0417\u0430\u0449\u0438\u0442\u0430 \u043e\u0442 DDoS-\u0430\u0442\u0430\u043a<\/a><\/h4><div class=\"post-meta\"><\/div><\/div><\/div>\n<\/div>\n<div class=\"jet-posts__item\">\n\t<div class=\"jet-posts__inner-box\"><div class=\"jet-posts__inner-content\"><h4 class=\"entry-title\"><a href=\"https:\/\/vitalij.michno.lt\/ru\/%d1%83%d1%81%d0%bb%d1%83%d0%b3%d0%b8\/%d1%83%d1%81%d0%bb%d1%83%d0%b3%d0%b8-%d0%bf%d0%be-wordpress-%d1%81%d0%b0%d0%b9%d1%82%d0%b0%d0%bc\/%d0%b0%d1%83%d0%b4%d0%b8%d1%82-%d0%b1%d0%b5%d0%b7%d0%be%d0%bf%d0%b0%d1%81%d0%bd%d0%be%d1%81%d1%82%d0%b8-%d1%81%d0%b0%d0%b9%d1%82%d0%b0-wordpress\/\" target=\"\">\u0410\u0443\u0434\u0438\u0442 \u0431\u0435\u0437\u043e\u043f\u0430\u0441\u043d\u043e\u0441\u0442\u0438 \u0441\u0430\u0439\u0442\u0430 WordPress<\/a><\/h4><div class=\"post-meta\"><\/div><\/div><\/div>\n<\/div>\n<\/div>\n<\/div>\t\t\t\t<\/div>\n\t\t\t\t<\/div>\n\t\t\t\t\t<\/div>\n\t\t<\/div>\n\t\t\t\t\t<\/div>\n\t\t<\/section>\n\t\t\t\t<\/div>\n\t\t","protected":false},"excerpt":{"rendered":"<p>WordPress svetaini\u0173 prie\u017ei\u016bra \/ palaikymas WordPress svetain\u0117s apsaugos auditas Svetain\u0117s u\u017esikrovimo grei\u010dio optimizavimas Apsauga nuo DDOS atak\u0173<\/p>\n","protected":false},"author":1,"featured_media":0,"parent":2649,"menu_order":0,"comment_status":"closed","ping_status":"closed","template":"","meta":{"site-sidebar-layout":"no-sidebar","site-content-layout":"page-builder","ast-site-content-layout":"","site-content-style":"default","site-sidebar-style":"default","ast-global-header-display":"","ast-banner-title-visibility":"","ast-main-header-display":"","ast-hfb-above-header-display":"","ast-hfb-below-header-display":"","ast-hfb-mobile-header-display":"","site-post-title":"disabled","ast-breadcrumbs-content":"","ast-featured-img":"disabled","footer-sml-layout":"","theme-transparent-header-meta":"","adv-header-id-meta":"","stick-header-meta":"","header-above-stick-meta":"","header-main-stick-meta":"","header-below-stick-meta":"","astra-migrate-meta-layouts":"default","ast-page-background-enabled":"default","ast-page-background-meta":{"desktop":{"background-color":"","background-image":"","background-repeat":"repeat","background-position":"center center","background-size":"auto","background-attachment":"scroll","background-type":"","background-media":"","overlay-type":"","overlay-color":"","overlay-gradient":""},"tablet":{"background-color":"","background-image":"","background-repeat":"repeat","background-position":"center center","background-size":"auto","background-attachment":"scroll","background-type":"","background-media":"","overlay-type":"","overlay-color":"","overlay-gradient":""},"mobile":{"background-color":"","background-image":"","background-repeat":"repeat","background-position":"center center","background-size":"auto","background-attachment":"scroll","background-type":"","background-media":"","overlay-type":"","overlay-color":"","overlay-gradient":""}},"ast-content-background-meta":{"desktop":{"background-color":"var(--ast-global-color-5)","background-image":"","background-repeat":"repeat","background-position":"center center","background-size":"auto","background-attachment":"scroll","background-type":"","background-media":"","overlay-type":"","overlay-color":"","overlay-gradient":""},"tablet":{"background-color":"var(--ast-global-color-5)","background-image":"","background-repeat":"repeat","background-position":"center center","background-size":"auto","background-attachment":"scroll","background-type":"","background-media":"","overlay-type":"","overlay-color":"","overlay-gradient":""},"mobile":{"background-color":"var(--ast-global-color-5)","background-image":"","background-repeat":"repeat","background-position":"center center","background-size":"auto","background-attachment":"scroll","background-type":"","background-media":"","overlay-type":"","overlay-color":"","overlay-gradient":""}},"footnotes":""},"class_list":["post-2671","page","type-page","status-publish","hentry"],"yoast_head":"<!-- This site is optimized with the Yoast SEO plugin v24.2 - https:\/\/yoast.com\/wordpress\/plugins\/seo\/ -->\n<title>\u0423\u0441\u043b\u0443\u0433\u0438 \u043f\u043e Wordpress \u0441\u0430\u0439\u0442\u0430\u043c &#8212; Wordpress internetini\u0173 svetaini\u0173 k\u016brimas - Vitalij Michno<\/title>\n<meta name=\"robots\" content=\"index, follow, max-snippet:-1, max-image-preview:large, max-video-preview:-1\" \/>\n<link rel=\"canonical\" href=\"https:\/\/vitalij.michno.lt\/ru\/\u0443\u0441\u043b\u0443\u0433\u0438\/\u0443\u0441\u043b\u0443\u0433\u0438-\u043f\u043e-wordpress-\u0441\u0430\u0439\u0442\u0430\u043c\/\" \/>\n<meta property=\"og:locale\" content=\"ru_RU\" \/>\n<meta property=\"og:type\" content=\"article\" \/>\n<meta property=\"og:title\" content=\"\u0423\u0441\u043b\u0443\u0433\u0438 \u043f\u043e Wordpress \u0441\u0430\u0439\u0442\u0430\u043c &#8212; Wordpress internetini\u0173 svetaini\u0173 k\u016brimas - Vitalij Michno\" \/>\n<meta property=\"og:description\" content=\"WordPress svetaini\u0173 prie\u017ei\u016bra \/ palaikymas WordPress svetain\u0117s apsaugos auditas Svetain\u0117s u\u017esikrovimo grei\u010dio optimizavimas Apsauga nuo DDOS atak\u0173\" \/>\n<meta property=\"og:url\" content=\"https:\/\/vitalij.michno.lt\/ru\/\u0443\u0441\u043b\u0443\u0433\u0438\/\u0443\u0441\u043b\u0443\u0433\u0438-\u043f\u043e-wordpress-\u0441\u0430\u0439\u0442\u0430\u043c\/\" \/>\n<meta property=\"og:site_name\" content=\"Wordpress internetini\u0173 svetaini\u0173 k\u016brimas - Vitalij Michno\" \/>\n<meta property=\"article:modified_time\" content=\"2022-10-01T07:43:44+00:00\" \/>\n<meta property=\"og:image\" content=\"https:\/\/vitalij.michno.lt\/wp-content\/uploads\/2022\/06\/VM.png\" \/>\n\t<meta property=\"og:image:width\" content=\"500\" \/>\n\t<meta property=\"og:image:height\" content=\"500\" \/>\n\t<meta property=\"og:image:type\" content=\"image\/png\" \/>\n<meta name=\"twitter:card\" content=\"summary_large_image\" \/>\n<script type=\"application\/ld+json\" class=\"yoast-schema-graph\">{\"@context\":\"https:\/\/schema.org\",\"@graph\":[{\"@type\":\"Article\",\"@id\":\"https:\/\/vitalij.michno.lt\/ru\/%d1%83%d1%81%d0%bb%d1%83%d0%b3%d0%b8\/%d1%83%d1%81%d0%bb%d1%83%d0%b3%d0%b8-%d0%bf%d0%be-wordpress-%d1%81%d0%b0%d0%b9%d1%82%d0%b0%d0%bc\/#article\",\"isPartOf\":{\"@id\":\"https:\/\/vitalij.michno.lt\/ru\/%d1%83%d1%81%d0%bb%d1%83%d0%b3%d0%b8\/%d1%83%d1%81%d0%bb%d1%83%d0%b3%d0%b8-%d0%bf%d0%be-wordpress-%d1%81%d0%b0%d0%b9%d1%82%d0%b0%d0%bc\/\"},\"author\":{\"name\":\"Vitalij Michno\",\"@id\":\"https:\/\/vitalij.michno.lt\/#\/schema\/person\/becd8c2db64cf3982d3ed011552c4daf\"},\"headline\":\"\u0423\u0441\u043b\u0443\u0433\u0438 \u043f\u043e WordPress \u0441\u0430\u0439\u0442\u0430\u043c\",\"datePublished\":\"2022-06-15T10:56:23+00:00\",\"dateModified\":\"2022-10-01T07:43:44+00:00\",\"mainEntityOfPage\":{\"@id\":\"https:\/\/vitalij.michno.lt\/ru\/%d1%83%d1%81%d0%bb%d1%83%d0%b3%d0%b8\/%d1%83%d1%81%d0%bb%d1%83%d0%b3%d0%b8-%d0%bf%d0%be-wordpress-%d1%81%d0%b0%d0%b9%d1%82%d0%b0%d0%bc\/\"},\"wordCount\":28,\"publisher\":{\"@id\":\"https:\/\/vitalij.michno.lt\/#\/schema\/person\/becd8c2db64cf3982d3ed011552c4daf\"},\"inLanguage\":\"ru-RU\"},{\"@type\":\"WebPage\",\"@id\":\"https:\/\/vitalij.michno.lt\/ru\/%d1%83%d1%81%d0%bb%d1%83%d0%b3%d0%b8\/%d1%83%d1%81%d0%bb%d1%83%d0%b3%d0%b8-%d0%bf%d0%be-wordpress-%d1%81%d0%b0%d0%b9%d1%82%d0%b0%d0%bc\/\",\"url\":\"https:\/\/vitalij.michno.lt\/ru\/%d1%83%d1%81%d0%bb%d1%83%d0%b3%d0%b8\/%d1%83%d1%81%d0%bb%d1%83%d0%b3%d0%b8-%d0%bf%d0%be-wordpress-%d1%81%d0%b0%d0%b9%d1%82%d0%b0%d0%bc\/\",\"name\":\"\u0423\u0441\u043b\u0443\u0433\u0438 \u043f\u043e Wordpress \u0441\u0430\u0439\u0442\u0430\u043c &#8212; Wordpress internetini\u0173 svetaini\u0173 k\u016brimas - Vitalij Michno\",\"isPartOf\":{\"@id\":\"https:\/\/vitalij.michno.lt\/#website\"},\"datePublished\":\"2022-06-15T10:56:23+00:00\",\"dateModified\":\"2022-10-01T07:43:44+00:00\",\"breadcrumb\":{\"@id\":\"https:\/\/vitalij.michno.lt\/ru\/%d1%83%d1%81%d0%bb%d1%83%d0%b3%d0%b8\/%d1%83%d1%81%d0%bb%d1%83%d0%b3%d0%b8-%d0%bf%d0%be-wordpress-%d1%81%d0%b0%d0%b9%d1%82%d0%b0%d0%bc\/#breadcrumb\"},\"inLanguage\":\"ru-RU\",\"potentialAction\":[{\"@type\":\"ReadAction\",\"target\":[\"https:\/\/vitalij.michno.lt\/ru\/%d1%83%d1%81%d0%bb%d1%83%d0%b3%d0%b8\/%d1%83%d1%81%d0%bb%d1%83%d0%b3%d0%b8-%d0%bf%d0%be-wordpress-%d1%81%d0%b0%d0%b9%d1%82%d0%b0%d0%bc\/\"]}]},{\"@type\":\"BreadcrumbList\",\"@id\":\"https:\/\/vitalij.michno.lt\/ru\/%d1%83%d1%81%d0%bb%d1%83%d0%b3%d0%b8\/%d1%83%d1%81%d0%bb%d1%83%d0%b3%d0%b8-%d0%bf%d0%be-wordpress-%d1%81%d0%b0%d0%b9%d1%82%d0%b0%d0%bc\/#breadcrumb\",\"itemListElement\":[{\"@type\":\"ListItem\",\"position\":1,\"name\":\"Pagr.\",\"item\":\"https:\/\/vitalij.michno.lt\/ru\/homepage-ru\/\"},{\"@type\":\"ListItem\",\"position\":2,\"name\":\"\u0423\u0441\u043b\u0443\u0433\u0438\",\"item\":\"https:\/\/vitalij.michno.lt\/ru\/%d1%83%d1%81%d0%bb%d1%83%d0%b3%d0%b8\/\"},{\"@type\":\"ListItem\",\"position\":3,\"name\":\"\u0423\u0441\u043b\u0443\u0433\u0438 \u043f\u043e WordPress \u0441\u0430\u0439\u0442\u0430\u043c\"}]},{\"@type\":\"WebSite\",\"@id\":\"https:\/\/vitalij.michno.lt\/#website\",\"url\":\"https:\/\/vitalij.michno.lt\/\",\"name\":\"Wordpress internetini\u0173 svetaini\u0173 k\u016brimas - Vitalij Michno\",\"description\":\"\",\"publisher\":{\"@id\":\"https:\/\/vitalij.michno.lt\/#\/schema\/person\/becd8c2db64cf3982d3ed011552c4daf\"},\"potentialAction\":[{\"@type\":\"SearchAction\",\"target\":{\"@type\":\"EntryPoint\",\"urlTemplate\":\"https:\/\/vitalij.michno.lt\/?s={search_term_string}\"},\"query-input\":{\"@type\":\"PropertyValueSpecification\",\"valueRequired\":true,\"valueName\":\"search_term_string\"}}],\"inLanguage\":\"ru-RU\"},{\"@type\":[\"Person\",\"Organization\"],\"@id\":\"https:\/\/vitalij.michno.lt\/#\/schema\/person\/becd8c2db64cf3982d3ed011552c4daf\",\"name\":\"Vitalij Michno\",\"image\":{\"@type\":\"ImageObject\",\"inLanguage\":\"ru-RU\",\"@id\":\"https:\/\/vitalij.michno.lt\/#\/schema\/person\/image\/\",\"url\":\"https:\/\/vitalij.michno.lt\/wp-content\/uploads\/2022\/06\/me.jpg\",\"contentUrl\":\"https:\/\/vitalij.michno.lt\/wp-content\/uploads\/2022\/06\/me.jpg\",\"width\":640,\"height\":800,\"caption\":\"Vitalij Michno\"},\"logo\":{\"@id\":\"https:\/\/vitalij.michno.lt\/#\/schema\/person\/image\/\"},\"sameAs\":[\"https:\/\/vitalij.michno.lt\"],\"url\":\"https:\/\/vitalij.michno.lt\/ru\/author\/adminus123\/\"}]}<\/script>\n<!-- \/ Yoast SEO plugin. -->","yoast_head_json":{"title":"\u0423\u0441\u043b\u0443\u0433\u0438 \u043f\u043e Wordpress \u0441\u0430\u0439\u0442\u0430\u043c &#8212; Wordpress internetini\u0173 svetaini\u0173 k\u016brimas - Vitalij Michno","robots":{"index":"index","follow":"follow","max-snippet":"max-snippet:-1","max-image-preview":"max-image-preview:large","max-video-preview":"max-video-preview:-1"},"canonical":"https:\/\/vitalij.michno.lt\/ru\/\u0443\u0441\u043b\u0443\u0433\u0438\/\u0443\u0441\u043b\u0443\u0433\u0438-\u043f\u043e-wordpress-\u0441\u0430\u0439\u0442\u0430\u043c\/","og_locale":"ru_RU","og_type":"article","og_title":"\u0423\u0441\u043b\u0443\u0433\u0438 \u043f\u043e Wordpress \u0441\u0430\u0439\u0442\u0430\u043c &#8212; Wordpress internetini\u0173 svetaini\u0173 k\u016brimas - Vitalij Michno","og_description":"WordPress svetaini\u0173 prie\u017ei\u016bra \/ palaikymas WordPress svetain\u0117s apsaugos auditas Svetain\u0117s u\u017esikrovimo grei\u010dio optimizavimas Apsauga nuo DDOS atak\u0173","og_url":"https:\/\/vitalij.michno.lt\/ru\/\u0443\u0441\u043b\u0443\u0433\u0438\/\u0443\u0441\u043b\u0443\u0433\u0438-\u043f\u043e-wordpress-\u0441\u0430\u0439\u0442\u0430\u043c\/","og_site_name":"Wordpress internetini\u0173 svetaini\u0173 k\u016brimas - Vitalij Michno","article_modified_time":"2022-10-01T07:43:44+00:00","og_image":[{"width":500,"height":500,"url":"https:\/\/vitalij.michno.lt\/wp-content\/uploads\/2022\/06\/VM.png","type":"image\/png"}],"twitter_card":"summary_large_image","schema":{"@context":"https:\/\/schema.org","@graph":[{"@type":"Article","@id":"https:\/\/vitalij.michno.lt\/ru\/%d1%83%d1%81%d0%bb%d1%83%d0%b3%d0%b8\/%d1%83%d1%81%d0%bb%d1%83%d0%b3%d0%b8-%d0%bf%d0%be-wordpress-%d1%81%d0%b0%d0%b9%d1%82%d0%b0%d0%bc\/#article","isPartOf":{"@id":"https:\/\/vitalij.michno.lt\/ru\/%d1%83%d1%81%d0%bb%d1%83%d0%b3%d0%b8\/%d1%83%d1%81%d0%bb%d1%83%d0%b3%d0%b8-%d0%bf%d0%be-wordpress-%d1%81%d0%b0%d0%b9%d1%82%d0%b0%d0%bc\/"},"author":{"name":"Vitalij Michno","@id":"https:\/\/vitalij.michno.lt\/#\/schema\/person\/becd8c2db64cf3982d3ed011552c4daf"},"headline":"\u0423\u0441\u043b\u0443\u0433\u0438 \u043f\u043e WordPress \u0441\u0430\u0439\u0442\u0430\u043c","datePublished":"2022-06-15T10:56:23+00:00","dateModified":"2022-10-01T07:43:44+00:00","mainEntityOfPage":{"@id":"https:\/\/vitalij.michno.lt\/ru\/%d1%83%d1%81%d0%bb%d1%83%d0%b3%d0%b8\/%d1%83%d1%81%d0%bb%d1%83%d0%b3%d0%b8-%d0%bf%d0%be-wordpress-%d1%81%d0%b0%d0%b9%d1%82%d0%b0%d0%bc\/"},"wordCount":28,"publisher":{"@id":"https:\/\/vitalij.michno.lt\/#\/schema\/person\/becd8c2db64cf3982d3ed011552c4daf"},"inLanguage":"ru-RU"},{"@type":"WebPage","@id":"https:\/\/vitalij.michno.lt\/ru\/%d1%83%d1%81%d0%bb%d1%83%d0%b3%d0%b8\/%d1%83%d1%81%d0%bb%d1%83%d0%b3%d0%b8-%d0%bf%d0%be-wordpress-%d1%81%d0%b0%d0%b9%d1%82%d0%b0%d0%bc\/","url":"https:\/\/vitalij.michno.lt\/ru\/%d1%83%d1%81%d0%bb%d1%83%d0%b3%d0%b8\/%d1%83%d1%81%d0%bb%d1%83%d0%b3%d0%b8-%d0%bf%d0%be-wordpress-%d1%81%d0%b0%d0%b9%d1%82%d0%b0%d0%bc\/","name":"\u0423\u0441\u043b\u0443\u0433\u0438 \u043f\u043e Wordpress \u0441\u0430\u0439\u0442\u0430\u043c &#8212; Wordpress internetini\u0173 svetaini\u0173 k\u016brimas - Vitalij Michno","isPartOf":{"@id":"https:\/\/vitalij.michno.lt\/#website"},"datePublished":"2022-06-15T10:56:23+00:00","dateModified":"2022-10-01T07:43:44+00:00","breadcrumb":{"@id":"https:\/\/vitalij.michno.lt\/ru\/%d1%83%d1%81%d0%bb%d1%83%d0%b3%d0%b8\/%d1%83%d1%81%d0%bb%d1%83%d0%b3%d0%b8-%d0%bf%d0%be-wordpress-%d1%81%d0%b0%d0%b9%d1%82%d0%b0%d0%bc\/#breadcrumb"},"inLanguage":"ru-RU","potentialAction":[{"@type":"ReadAction","target":["https:\/\/vitalij.michno.lt\/ru\/%d1%83%d1%81%d0%bb%d1%83%d0%b3%d0%b8\/%d1%83%d1%81%d0%bb%d1%83%d0%b3%d0%b8-%d0%bf%d0%be-wordpress-%d1%81%d0%b0%d0%b9%d1%82%d0%b0%d0%bc\/"]}]},{"@type":"BreadcrumbList","@id":"https:\/\/vitalij.michno.lt\/ru\/%d1%83%d1%81%d0%bb%d1%83%d0%b3%d0%b8\/%d1%83%d1%81%d0%bb%d1%83%d0%b3%d0%b8-%d0%bf%d0%be-wordpress-%d1%81%d0%b0%d0%b9%d1%82%d0%b0%d0%bc\/#breadcrumb","itemListElement":[{"@type":"ListItem","position":1,"name":"Pagr.","item":"https:\/\/vitalij.michno.lt\/ru\/homepage-ru\/"},{"@type":"ListItem","position":2,"name":"\u0423\u0441\u043b\u0443\u0433\u0438","item":"https:\/\/vitalij.michno.lt\/ru\/%d1%83%d1%81%d0%bb%d1%83%d0%b3%d0%b8\/"},{"@type":"ListItem","position":3,"name":"\u0423\u0441\u043b\u0443\u0433\u0438 \u043f\u043e WordPress \u0441\u0430\u0439\u0442\u0430\u043c"}]},{"@type":"WebSite","@id":"https:\/\/vitalij.michno.lt\/#website","url":"https:\/\/vitalij.michno.lt\/","name":"Wordpress internetini\u0173 svetaini\u0173 k\u016brimas - Vitalij Michno","description":"","publisher":{"@id":"https:\/\/vitalij.michno.lt\/#\/schema\/person\/becd8c2db64cf3982d3ed011552c4daf"},"potentialAction":[{"@type":"SearchAction","target":{"@type":"EntryPoint","urlTemplate":"https:\/\/vitalij.michno.lt\/?s={search_term_string}"},"query-input":{"@type":"PropertyValueSpecification","valueRequired":true,"valueName":"search_term_string"}}],"inLanguage":"ru-RU"},{"@type":["Person","Organization"],"@id":"https:\/\/vitalij.michno.lt\/#\/schema\/person\/becd8c2db64cf3982d3ed011552c4daf","name":"Vitalij Michno","image":{"@type":"ImageObject","inLanguage":"ru-RU","@id":"https:\/\/vitalij.michno.lt\/#\/schema\/person\/image\/","url":"https:\/\/vitalij.michno.lt\/wp-content\/uploads\/2022\/06\/me.jpg","contentUrl":"https:\/\/vitalij.michno.lt\/wp-content\/uploads\/2022\/06\/me.jpg","width":640,"height":800,"caption":"Vitalij Michno"},"logo":{"@id":"https:\/\/vitalij.michno.lt\/#\/schema\/person\/image\/"},"sameAs":["https:\/\/vitalij.michno.lt"],"url":"https:\/\/vitalij.michno.lt\/ru\/author\/adminus123\/"}]}},"_links":{"self":[{"href":"https:\/\/vitalij.michno.lt\/ru\/wp-json\/wp\/v2\/pages\/2671","targetHints":{"allow":["GET"]}}],"collection":[{"href":"https:\/\/vitalij.michno.lt\/ru\/wp-json\/wp\/v2\/pages"}],"about":[{"href":"https:\/\/vitalij.michno.lt\/ru\/wp-json\/wp\/v2\/types\/page"}],"author":[{"embeddable":true,"href":"https:\/\/vitalij.michno.lt\/ru\/wp-json\/wp\/v2\/users\/1"}],"replies":[{"embeddable":true,"href":"https:\/\/vitalij.michno.lt\/ru\/wp-json\/wp\/v2\/comments?post=2671"}],"version-history":[{"count":1,"href":"https:\/\/vitalij.michno.lt\/ru\/wp-json\/wp\/v2\/pages\/2671\/revisions"}],"predecessor-version":[{"id":2672,"href":"https:\/\/vitalij.michno.lt\/ru\/wp-json\/wp\/v2\/pages\/2671\/revisions\/2672"}],"up":[{"embeddable":true,"href":"https:\/\/vitalij.michno.lt\/ru\/wp-json\/wp\/v2\/pages\/2649"}],"wp:attachment":[{"href":"https:\/\/vitalij.michno.lt\/ru\/wp-json\/wp\/v2\/media?parent=2671"}],"curies":[{"name":"wp","href":"https:\/\/api.w.org\/{rel}","templated":true}]}}